{"id":26,"date":"2019-09-12T14:10:15","date_gmt":"2019-09-12T12:10:15","guid":{"rendered":"https:\/\/flow-zeichenwettbewerb.de\/?page_id=26"},"modified":"2026-01-07T20:51:14","modified_gmt":"2026-01-07T19:51:14","slug":"ausschreibung","status":"publish","type":"page","link":"https:\/\/flow-zeichenwettbewerb.de\/en\/ausschreibung\/","title":{"rendered":"Participation"},"content":{"rendered":"<div class=\"wpb-content-wrapper\"><div data-parent=\"true\" class=\"vc_row has-bg need-focus style-color-120807-bg row-container boomapps_vcrow\" id=\"row-unique-0\"><div class=\"row full-width row-parent\"><div class=\"wpb_row shift_y_single row-inner\"><div class=\"wpb_column pos-top pos-center align_left column_parent col-lg-12 boomapps_vccolumn single-internal-gutter\"><div class=\"uncol style-light\"  ><div class=\"uncoltable\"><div class=\"uncell  boomapps_vccolumn\" ><div class=\"uncont single-block-padding col-custom-width style-color-120807-bg has-bg\" style=\" max-width:90%;\" ><div class=\"empty-space empty-single\" ><span class=\"empty-space-inner\"><\/span><\/div>\n<div class=\"uncode_text_column weisscolor\" ><\/p>\n<h3 class=\"weisscolor\" style=\"text-align: center;\">Call to all children and young people up to 20 years of age in Germany and the world<\/h3>\n<h2 class=\"weisscolor\" style=\"text-align: center;\">Create individual and original pictures about your everyday life, your environment, your dreams, fairy tales, stories and everything that moves you! Show us how creatively and age-appropriately you work in the most diverse artistic techniques!<\/h2>\n<p>&nbsp;<\/p>\n<h3 class=\"weisscolor\" style=\"text-align: center;\">Deadline 30 May 2026 in<\/h3>\n<p>\n<\/div>\n\t<div class=\"wpb_raw_code wpb_raw_html\" >\n\t\t<div class=\"wpb_wrapper\">\n\t\t\t          <div class=\"widget shailan_CountdownWidget\">          \n        <div id=\"shailan-countdown--1_1\" class=\"shailan-countdown--1 countdown\"  style=\" margin:0px auto; \"><\/div>\n\n        <div  style=\" margin:0px auto; \"><small><a href=\"https:\/\/wpassist.me\/plugins\/countdown-widget\/\" title=\"WordPress Countdown Plugin\" class=\"countdown_infolink\">i<\/a><\/small><\/div>\n<script>\n(function($){\n  $(document).ready(function($) {\n    var event_month = 5 - 1; \n    $('#shailan-countdown--1_1').countdown({\n      until: new Date(2026, event_month, 30, 00, 00, 00, 0),\n      description: '',\n      format: 'dHMS'    }); \n  }); \n})(jQuery);\n<\/script>\n          <\/div>      \n\t\t<\/div>\n\t<\/div>\n<\/div><\/div><\/div><\/div><\/div><script id=\"script-row-unique-0\" data-row=\"script-row-unique-0\" type=\"text\/javascript\" class=\"vc_controls\">UNCODE.initRow(document.getElementById(\"row-unique-0\"));<\/script><\/div><\/div><\/div><div data-parent=\"true\" class=\"vc_row row-container boomapps_vcrow\" id=\"row-unique-1\"><div class=\"row limit-width row-parent\"><div class=\"wpb_row row-inner\"><div class=\"wpb_column pos-top pos-center align_left column_parent col-lg-12 boomapps_vccolumn single-internal-gutter\"><div class=\"uncol style-light\"  ><div class=\"uncoltable\"><div class=\"uncell  boomapps_vccolumn no-block-padding\" ><div class=\"uncont\" ><div class=\"divider-wrapper\"  >\n    <hr class=\"unseparator border-color-355101-color separator-no-padding\"  \/>\n<\/div>\n<\/div><\/div><\/div><\/div><\/div><script id=\"script-row-unique-1\" data-row=\"script-row-unique-1\" type=\"text\/javascript\" class=\"vc_controls\">UNCODE.initRow(document.getElementById(\"row-unique-1\"));<\/script><\/div><\/div><\/div><div data-parent=\"true\" class=\"vc_row weisscolor vc_custom_1661000213525 row-container boomapps_vcrow\" style=\"padding-right: 100px ;padding-left: 100px ;\" id=\"row-unique-2\"><div class=\"row full-width row-parent\"><div class=\"wpb_row row-inner\"><div class=\"wpb_column pos-top pos-center align_left column_parent col-lg-8 boomapps_vccolumn double-internal-gutter\"><div class=\"uncol style-light\"  ><div class=\"uncoltable\"><div class=\"uncell  boomapps_vccolumn no-block-padding\" ><div class=\"uncont\" ><div class=\"vc_custom_heading_wrap\"><div class=\"heading-text el-text\" ><h2 class=\"h2 text-color-355101-color\" ><span><strong>Frequently asked questions<\/strong><\/span><\/h2><\/div><div class=\"clear\"><\/div><\/div><div class=\"uncode-accordion wpb_accordion wpb_content_element  weisscolor sign-size-rg w-border\" data-collapsible=\"no\" data-target=\"\" data-active-tab=\"1\" >\n\t\t<div class=\"panel-group wpb_wrapper wpb_accordion_wrapper\" id=\"accordion_2003806262\" data-no-toggle=\"\">\n\n<div class=\"panel panel-default wpb_accordion_section group  active-group\"><div class=\"panel-heading wpb_accordion_header ui-accordion-header\"><p class=\"panel-title active font-weight- text-   icon-size-rg\"><a data-toggle=\"collapse\" data-parent=\"#accordion_2003806262\" href=\"#1568378278-1-7\"><span>Was wird bewertet? \/ What is evaluated?<\/span><\/a><\/p><\/div><div id=\"1568378278-1-7\" class=\"panel-collapse collapse in\"><div class=\"panel-body wpb_accordion_content ui-accordion-content half-internal-gutter single-block-padding\">\n\t\t\t\t\t\t<div class=\"uncode_text_column\" ><p>Individuality and originality<\/p>\n<p>Individualit\u00e4t und Originalit\u00e4t<br \/>\nConscious, age-appropriate implementation of artistic techniques<br \/>\nSpecial statement of the work<br \/>\nDiscussion of current social issues<\/p>\n<p>&nbsp;<\/p>\n<\/div><\/div><\/div><\/div><div class=\"panel panel-default wpb_accordion_section group\"><div class=\"panel-heading wpb_accordion_header ui-accordion-header\"><p class=\"panel-title font-weight- text-   icon-size-rg\"><a data-toggle=\"collapse\" data-parent=\"#accordion_2003806262\" href=\"#1568378278-2-86\"><span>Wer darf mitmachen? \/ Who can participate?<\/span><\/a><\/p><\/div><div id=\"1568378278-2-86\" class=\"panel-collapse collapse\"><div class=\"panel-body wpb_accordion_content ui-accordion-content half-internal-gutter single-block-padding\">\n\t\t\t\t\t\t<div class=\"uncode_text_column\" ><p>The works will be judged in four age groups:<\/p>\n<p>Age group I 4 to 6 years<br \/>\nAge group II 7 to 11 years<br \/>\nAge group III 12 to 15 years<br \/>\nAge group IV 16 to 20 years<\/p>\n<p>All works will be judged by an international jury, which will ultimately award the prizes in each age group.<\/p>\n<\/div><\/div><\/div><\/div><div class=\"panel panel-default wpb_accordion_section group\"><div class=\"panel-heading wpb_accordion_header ui-accordion-header\"><p class=\"panel-title font-weight- text-   icon-size-rg\"><a data-toggle=\"collapse\" data-parent=\"#accordion_2003806262\" href=\"#1653302396954-7-8\"><span>Wie viele Arbeiten darf ich einreichen? \/ How many papers may I submit?<\/span><\/a><\/p><\/div><div id=\"1653302396954-7-8\" class=\"panel-collapse collapse\"><div class=\"panel-body wpb_accordion_content ui-accordion-content half-internal-gutter single-block-padding\">\n\t\t\t\t\t\t<div class=\"uncode_text_column\" ><p>Jeder darf nur eine Arbeit einreichen, kann sich aber zus\u00e4tzlich an einer Gruppenarbeit beteiligen.<\/p>\n<p>Ausserdem besteht noch die M\u00f6glichkeit, sich zus\u00e4tzlich in der Kategorie &#8222;Digital Art&#8220; zu bewerben.<\/p>\n<p>&nbsp;<\/p>\n<\/div><\/div><\/div><\/div><div class=\"panel panel-default wpb_accordion_section group\"><div class=\"panel-heading wpb_accordion_header ui-accordion-header\"><p class=\"panel-title font-weight- text-   icon-size-rg\"><a data-toggle=\"collapse\" data-parent=\"#accordion_2003806262\" href=\"#1568378412668-2-9\"><span>Wie reiche ich ein? \/ How do I submit?<\/span><\/a><\/p><\/div><div id=\"1568378412668-2-9\" class=\"panel-collapse collapse\"><div class=\"panel-body wpb_accordion_content ui-accordion-content half-internal-gutter single-block-padding\">\n\t\t\t\t\t\t<div class=\"uncode_text_column\" ><p>As a rule, originals must be submitted!<\/p>\n<p>Works created with the help of computer programmes can be submitted by form via the special category Digital Art on our website.<\/p>\n<p>In addition, the maximum size of 70 x 100 cm must not be exceeded.<\/p>\n<p>The submitted works must not be older than two years.<\/p>\n<\/div><\/div><\/div><\/div><div class=\"panel panel-default wpb_accordion_section group\"><div class=\"panel-heading wpb_accordion_header ui-accordion-header\"><p class=\"panel-title font-weight- text-   icon-size-rg\"><a data-toggle=\"collapse\" data-parent=\"#accordion_2003806262\" href=\"#1568378462590-3-3\"><span>Bis wann muss ich einsenden? \/ Until when do I have to send in?<\/span><\/a><\/p><\/div><div id=\"1568378462590-3-3\" class=\"panel-collapse collapse\"><div class=\"panel-body wpb_accordion_content ui-accordion-content half-internal-gutter single-block-padding\">\n\t\t\t\t\t\t<div class=\"uncode_text_column\" ><p>The closing date for registration is 30 May.<\/p>\n<p>&nbsp;<\/p>\n<\/div><\/div><\/div><\/div><div class=\"panel panel-default wpb_accordion_section group\"><div class=\"panel-heading wpb_accordion_header ui-accordion-header\"><p class=\"panel-title font-weight- text-   icon-size-rg\"><a data-toggle=\"collapse\" data-parent=\"#accordion_2003806262\" href=\"#1568378482056-4-0\"><span>Wohin sende ich meine Zeichnung? \/ Where do I send my drawing?<\/span><\/a><\/p><\/div><div id=\"1568378482056-4-0\" class=\"panel-collapse collapse\"><div class=\"panel-body wpb_accordion_content ui-accordion-content half-internal-gutter single-block-padding\">\n\t\t\t\t\t\t<div class=\"uncode_text_column\" ><p>Internationaler Zeichenwettbewerb<br \/>\nLindenallee 62A<br \/>\n16303 Schwedt\/Oder<br \/>\nGermany<\/p>\n<p>Beim Versand der Arbeiten bitte die deutschen Zollbestimmungen beachten.<\/p>\n<p>Anfallende Geb\u00fchren k\u00f6nnen nicht \u00fcbernommen werden.<\/p>\n<\/div><\/div><\/div><\/div><div class=\"panel panel-default wpb_accordion_section group\"><div class=\"panel-heading wpb_accordion_header ui-accordion-header\"><p class=\"panel-title font-weight- text-   icon-size-rg\"><a data-toggle=\"collapse\" data-parent=\"#accordion_2003806262\" href=\"#1568378508845-5-0\"><span>Was kann ich gewinnen? \/ What can I win?<\/span><\/a><\/p><\/div><div id=\"1568378508845-5-0\" class=\"panel-collapse collapse\"><div class=\"panel-body wpb_accordion_content ui-accordion-content half-internal-gutter single-block-padding\">\n\t\t\t\t\t\t<div class=\"uncode_text_column\" ><\/p>\n<p class=\"x_MsoNormal\">In&nbsp;jeder Altersgruppe&nbsp;werden&nbsp;10 Sachpreise&nbsp;vergeben \u2013 die&nbsp;Besten 10&nbsp;aus&nbsp;AK-III&nbsp;und&nbsp;AK-IV&nbsp;werden zum&nbsp;4-t\u00e4gigen Preistr\u00e4gercamp nach Schwedt eingeladen.<\/p>\n<p class=\"x_MsoNormal\">Preistr\u00e4ger Sonderkategorie Digital Art (Preistr\u00e4gercamp)<br \/>\nPreis Nationalpark Unteres Odertal (Preistr\u00e4gercamp)<br \/>\nPreis f\u00fcr das beste Plakatmotiv (Sachpreis)<br \/>\nPreis f\u00fcr eine Arbeit aus einer sonderp\u00e4dagogischen Einrichtung (Sachpreis)<br \/>\nPrize for the best group work (project day in an artistic institution or museum)<br \/>\nPrize of the Ministry of Education, Youth and Sports of the State of Brandenburg (150,-Euro)<br \/>\nPrize of the Mayor of the City of Schwedt (150,-Euro)<br \/>\nPreis des St\u00e4dtepartnerschaftsvereins Schwedt\/Oder (150,-Euro)<br \/>\nPrize of the Mayor of the City of Prenzlau (150,-Euro)<br \/>\nPreis der Landr\u00e4tin des Landkreis Uckermark (150,- Euro)<br \/>\nEnvironmental Award of PCK Raffinerie GmbH (150,- Euro)<br \/>\nPrize of the \"J. A. P. Schulz\" Foundation (100,-Euro)<br \/>\nPreis des Asklepios Klinikum Uckermark (200,\u2013 Euro)<br \/>\nPrize of the Children and Youth Jury (non-cash prize)<br \/>\nAudience Award (non-cash prize)<\/p>\n<p>All award winners will be published on our website.<\/p>\n<p>&nbsp;<\/p>\n<\/div><\/div><\/div><\/div><div class=\"panel panel-default wpb_accordion_section group\"><div class=\"panel-heading wpb_accordion_header ui-accordion-header\"><p class=\"panel-title font-weight- text-   icon-size-rg\"><a data-toggle=\"collapse\" data-parent=\"#accordion_2003806262\" href=\"#1568378535291-6-1\"><span>Was passiert mit meiner Zeichnung? \/ What happens to my drawing?<\/span><\/a><\/p><\/div><div id=\"1568378535291-6-1\" class=\"panel-collapse collapse\"><div class=\"panel-body wpb_accordion_content ui-accordion-content half-internal-gutter single-block-padding\">\n\t\t\t\t\t\t<div class=\"uncode_text_column\" ><p>Alle eingereichten Arbeiten gehen in das Eigentum des Zeichenwettbewerbes \u00fcber und werden nicht zur\u00fcckgesandt.<\/p>\n<p>Mit der Teilnahme an diesem Wettbewerb wird dem Veranstalter das Recht \u00fcbertragen, die Zeichnungen f\u00fcr die Pressearbeit und Werbung verwenden zu k\u00f6nnen und in Ausstellungen zu pr\u00e4sentieren.<\/p>\n<p>Bei Benefizveranstaltungen wird einem Verkauf der Arbeiten zugestimmt.<\/p>\n<p>Der Rechtsweg ist ausgeschlossen.<\/p>\n<\/div><\/div><\/div><\/div><div class=\"panel panel-default wpb_accordion_section group\"><div class=\"panel-heading wpb_accordion_header ui-accordion-header\"><p class=\"panel-title font-weight- text-   icon-size-rg\"><a data-toggle=\"collapse\" data-parent=\"#accordion_2003806262\" href=\"#1711543420216-8-1\"><span>Darf ich ein bereits existierendes Kunstwerk abzeichnen, wenn ich leichte Ver\u00e4nderungen vornehme? \/ Can I copy an existing work of art if I make slight changes?<\/span><\/a><\/p><\/div><div id=\"1711543420216-8-1\" class=\"panel-collapse collapse\"><div class=\"panel-body wpb_accordion_content ui-accordion-content half-internal-gutter single-block-padding\">\n\t\t\t\t\t\t<div class=\"uncode_text_column\" ><p>Nein, f\u00fcr unseren Wettbewerb leider nicht, da wir es nach unseren Richtlinien dann als Plagiat einstufen w\u00fcrden.<\/p>\n<p>Versuche wirklich Deine eigenen Gedanken sprie\u00dfen zu lassen.<\/p>\n<p>&nbsp;<\/p>\n<\/div><\/div><\/div><\/div>\n\t\t<\/div><\/div><\/div><\/div><\/div><\/div><\/div><div class=\"wpb_column pos-top pos-left align_left column_parent col-lg-4 boomapps_vccolumn single-internal-gutter\"><div class=\"uncol style-light\"  ><div class=\"uncoltable\"><div class=\"uncell  boomapps_vccolumn no-block-padding\" ><div class=\"uncont\" style=\" max-width:45%;\" ><div class=\"vc_custom_heading_wrap\"><div class=\"heading-text el-text\" ><h1 class=\"h2 text-color-355101-color\" ><span><strong>Dokumente &amp; Ausschreibung<\/strong><\/span><\/h1><\/div><div class=\"clear\"><\/div><\/div><span class=\"btn-container btn-block\" ><a role=\"button\"  href=\"https:\/\/flow-zeichenwettbewerb.de\/wp-content\/uploads\/2026\/01\/FLOW_2026_Ausschreibungsflyer.pdf\" class=\"custom-link btn btn-lg border-width-0 btn-color-152864 btn-flat btn-block btn-icon-left\"><i class=\"fa fa-th-list\"><\/i>Formular und Info&#8217;s<\/a><\/span><\/div><\/div><\/div><\/div><\/div><script id=\"script-row-unique-2\" data-row=\"script-row-unique-2\" type=\"text\/javascript\" class=\"vc_controls\">UNCODE.initRow(document.getElementById(\"row-unique-2\"));<\/script><\/div><\/div><\/div><div data-parent=\"true\" class=\"vc_row row-container boomapps_vcrow\" id=\"row-unique-3\"><div class=\"row limit-width row-parent\"><div class=\"wpb_row row-inner\"><div class=\"wpb_column pos-top pos-center align_left column_parent col-lg-12 boomapps_vccolumn single-internal-gutter\"><div class=\"uncol style-light\"  ><div class=\"uncoltable\"><div class=\"uncell  boomapps_vccolumn no-block-padding\" ><div class=\"uncont\" ><div class=\"uncode_text_column\" ><\/div><\/div><\/div><\/div><\/div><\/div><script id=\"script-row-unique-3\" data-row=\"script-row-unique-3\" type=\"text\/javascript\" class=\"vc_controls\">UNCODE.initRow(document.getElementById(\"row-unique-3\"));<\/script><\/div><\/div><\/div>\n<\/div>","protected":false},"excerpt":{"rendered":"Aufruf an alle Kinder und Jugendliche bis 20 Jahre in Deutschland und der Welt Gestaltet individuelle und originelle Bilder \u00fcber [...]","protected":false},"author":1,"featured_media":0,"parent":0,"menu_order":0,"comment_status":"closed","ping_status":"closed","template":"","meta":{"footnotes":""},"class_list":["post-26","page","type-page","status-publish","hentry"],"_links":{"self":[{"href":"https:\/\/flow-zeichenwettbewerb.de\/en\/wp-json\/wp\/v2\/pages\/26","targetHints":{"allow":["GET"]}}],"collection":[{"href":"https:\/\/flow-zeichenwettbewerb.de\/en\/wp-json\/wp\/v2\/pages"}],"about":[{"href":"https:\/\/flow-zeichenwettbewerb.de\/en\/wp-json\/wp\/v2\/types\/page"}],"author":[{"embeddable":true,"href":"https:\/\/flow-zeichenwettbewerb.de\/en\/wp-json\/wp\/v2\/users\/1"}],"replies":[{"embeddable":true,"href":"https:\/\/flow-zeichenwettbewerb.de\/en\/wp-json\/wp\/v2\/comments?post=26"}],"version-history":[{"count":94,"href":"https:\/\/flow-zeichenwettbewerb.de\/en\/wp-json\/wp\/v2\/pages\/26\/revisions"}],"predecessor-version":[{"id":4237,"href":"https:\/\/flow-zeichenwettbewerb.de\/en\/wp-json\/wp\/v2\/pages\/26\/revisions\/4237"}],"wp:attachment":[{"href":"https:\/\/flow-zeichenwettbewerb.de\/en\/wp-json\/wp\/v2\/media?parent=26"}],"curies":[{"name":"wp","href":"https:\/\/api.w.org\/{rel}","templated":true}]}}