{"id":3,"date":"2019-09-12T09:58:14","date_gmt":"2019-09-12T07:58:14","guid":{"rendered":"https:\/\/flow-zeichenwettbewerb.de\/?page_id=3"},"modified":"2025-12-19T17:04:06","modified_gmt":"2025-12-19T16:04:06","slug":"datenschutzerklaerung","status":"publish","type":"page","link":"https:\/\/flow-zeichenwettbewerb.de\/en\/datenschutzerklaerung\/","title":{"rendered":"Privacy policy"},"content":{"rendered":"<div class=\"wpb-content-wrapper\"><div data-parent=\"true\" class=\"vc_row row-container boomapps_vcrow\" id=\"row-unique-0\"><div class=\"row limit-width row-parent\"><div class=\"wpb_row row-inner\"><div class=\"wpb_column pos-top pos-center align_left column_parent col-lg-12 boomapps_vccolumn single-internal-gutter\"><div class=\"uncol style-light\"  ><div class=\"uncoltable\"><div class=\"uncell  boomapps_vccolumn no-block-padding\" ><div class=\"uncont\" ><div class=\"uncode_text_column\" ><\/p>\n<h1>Privacy policy<\/h1>\n<h2 data-start=\"599\" data-end=\"624\">1. Allgemeine Hinweise<\/h2>\n<p data-start=\"625\" data-end=\"843\">Der Schutz Ihrer pers\u00f6nlichen Daten ist uns ein besonderes Anliegen.<br data-start=\"693\" data-end=\"696\" \/>Wir behandeln Ihre personenbezogenen Daten vertraulich und entsprechend den gesetzlichen Datenschutzvorschriften sowie dieser Datenschutzerkl\u00e4rung.<\/p>\n<p data-start=\"845\" data-end=\"938\">Personenbezogene Daten sind alle Daten, mit denen Sie pers\u00f6nlich identifiziert werden k\u00f6nnen.<\/p>\n<hr data-start=\"940\" data-end=\"943\" \/>\n<h2 data-start=\"945\" data-end=\"973\">2. Verantwortliche Stelle<\/h2>\n<p data-start=\"974\" data-end=\"1038\">Verantwortlich f\u00fcr die Datenverarbeitung auf dieser Website ist:<\/p>\n<p data-start=\"1040\" data-end=\"1133\"><strong data-start=\"1040\" data-end=\"1077\">Internationaler Zeichenwettbewerb<\/strong><br data-start=\"1077\" data-end=\"1080\" \/>Lindenallee 62 a<br data-start=\"1096\" data-end=\"1099\" \/>16303 Schwedt\/Oder<br data-start=\"1117\" data-end=\"1120\" \/>Deutschland<\/p>\n<p data-start=\"1135\" data-end=\"1207\">E-Mail: <a class=\"decorated-link cursor-pointer\" rel=\"noopener\" data-start=\"1143\" data-end=\"1176\">kontakt@flow-zeichenwettbewerb.de<\/a><br data-start=\"1176\" data-end=\"1179\" \/>Telephone: +49 3332 51 17 74<\/p>\n<hr data-start=\"1209\" data-end=\"1212\" \/>\n<h2 data-start=\"1214\" data-end=\"1231\">3. Ihre Rechte<\/h2>\n<p data-start=\"1232\" data-end=\"1266\">Sie haben jederzeit das Recht auf:<\/p>\n<ul data-start=\"1267\" data-end=\"1552\">\n<li data-start=\"1267\" data-end=\"1323\">\n<p data-start=\"1269\" data-end=\"1323\">Auskunft \u00fcber Ihre gespeicherten Daten (Art. 15 DSGVO)<\/p>\n<\/li>\n<li data-start=\"1324\" data-end=\"1372\">\n<p data-start=\"1326\" data-end=\"1372\">Berichtigung unrichtiger Daten (Art. 16 DSGVO)<\/p>\n<\/li>\n<li data-start=\"1373\" data-end=\"1411\">\n<p data-start=\"1375\" data-end=\"1411\">L\u00f6schung Ihrer Daten (Art. 17 DSGVO)<\/p>\n<\/li>\n<li data-start=\"1412\" data-end=\"1460\">\n<p data-start=\"1414\" data-end=\"1460\">Einschr\u00e4nkung der Verarbeitung (Art. 18 DSGVO)<\/p>\n<\/li>\n<li data-start=\"1461\" data-end=\"1499\">\n<p data-start=\"1463\" data-end=\"1499\">Daten\u00fcbertragbarkeit (Art. 20 DSGVO)<\/p>\n<\/li>\n<li data-start=\"1500\" data-end=\"1552\">\n<p data-start=\"1502\" data-end=\"1552\">Widerspruch gegen die Verarbeitung (Art. 21 DSGVO)<\/p>\n<\/li>\n<\/ul>\n<p data-start=\"1554\" data-end=\"1626\">Zur Wahrnehmung Ihrer Rechte gen\u00fcgt eine formlose Mitteilung per E-Mail.<\/p>\n<hr data-start=\"1628\" data-end=\"1631\" \/>\n<h2 data-start=\"1633\" data-end=\"1666\">4. Widerruf Ihrer Einwilligung<\/h2>\n<p data-start=\"1667\" data-end=\"1913\">Viele Datenverarbeitungsvorg\u00e4nge sind nur mit Ihrer ausdr\u00fccklichen Einwilligung m\u00f6glich.<br data-start=\"1755\" data-end=\"1758\" \/>Sie k\u00f6nnen eine bereits erteilte Einwilligung jederzeit widerrufen.<br data-start=\"1825\" data-end=\"1828\" \/>Die Rechtm\u00e4\u00dfigkeit der bis zum Widerruf erfolgten Datenverarbeitung bleibt unber\u00fchrt.<\/p>\n<hr data-start=\"1915\" data-end=\"1918\" \/>\n<h2 data-start=\"1920\" data-end=\"1966\">5. Beschwerderecht bei der Aufsichtsbeh\u00f6rde<\/h2>\n<p data-start=\"1967\" data-end=\"2080\">Im Falle datenschutzrechtlicher Verst\u00f6\u00dfe steht Ihnen ein Beschwerderecht bei der zust\u00e4ndigen Aufsichtsbeh\u00f6rde zu:<\/p>\n<p data-start=\"2082\" data-end=\"2135\"><strong data-start=\"2082\" data-end=\"2135\">Landesbeauftragte f\u00fcr den Datenschutz Brandenburg<\/strong><\/p>\n<hr data-start=\"2137\" data-end=\"2140\" \/>\n<h2 data-start=\"2142\" data-end=\"2177\">6. SSL- bzw. TLS-Verschl\u00fcsselung<\/h2>\n<p data-start=\"2178\" data-end=\"2360\">Diese Website nutzt aus Sicherheitsgr\u00fcnden eine SSL- bzw. TLS-Verschl\u00fcsselung.<br data-start=\"2256\" data-end=\"2259\" \/>Eine verschl\u00fcsselte Verbindung erkennen Sie an \u201ehttps:\/\/\u201c und dem Schloss-Symbol in der Browserzeile.<\/p>\n<hr data-start=\"2362\" data-end=\"2365\" \/>\n<h2 data-start=\"2367\" data-end=\"2391\">7. Server-Log-Dateien<\/h2>\n<p data-start=\"2392\" data-end=\"2494\">Der Hosting-Provider erhebt und speichert automatisch Informationen in sogenannten Server-Log-Dateien:<\/p>\n<ul data-start=\"2496\" data-end=\"2627\">\n<li data-start=\"2496\" data-end=\"2513\">\n<p data-start=\"2498\" data-end=\"2513\">Besuchte Seiten<\/p>\n<\/li>\n<li data-start=\"2514\" data-end=\"2546\">\n<p data-start=\"2516\" data-end=\"2546\">Datum und Uhrzeit des Zugriffs<\/p>\n<\/li>\n<li data-start=\"2547\" data-end=\"2572\">\n<p data-start=\"2549\" data-end=\"2572\">Browsertyp und -version<\/p>\n<\/li>\n<li data-start=\"2573\" data-end=\"2589\">\n<p data-start=\"2575\" data-end=\"2589\">Betriebssystem<\/p>\n<\/li>\n<li data-start=\"2590\" data-end=\"2604\">\n<p data-start=\"2592\" data-end=\"2604\">Referrer-URL<\/p>\n<\/li>\n<li data-start=\"2605\" data-end=\"2627\">\n<p data-start=\"2607\" data-end=\"2627\">IP-Adresse (gek\u00fcrzt)<\/p>\n<\/li>\n<\/ul>\n<p data-start=\"2629\" data-end=\"2764\">Die Verarbeitung erfolgt auf Grundlage von <strong data-start=\"2672\" data-end=\"2702\">Art. 6 Abs. 1 lit. f DSGVO<\/strong><br data-start=\"2702\" data-end=\"2705\" \/>(berechtigtes Interesse an technisch fehlerfreiem Betrieb).<\/p>\n<hr data-start=\"2766\" data-end=\"2769\" \/>\n<h2 data-start=\"2771\" data-end=\"2792\">8. Kontaktaufnahme<\/h2>\n<p data-start=\"2793\" data-end=\"2912\">Wenn Sie uns per E-Mail oder Kontaktformular kontaktieren, werden Ihre Angaben zur Bearbeitung der Anfrage gespeichert.<\/p>\n<p data-start=\"2914\" data-end=\"3001\"><strong data-start=\"2914\" data-end=\"2934\">Rechtsgrundlage:<\/strong><br data-start=\"2934\" data-end=\"2937\" \/>Art. 6 Abs. 1 lit. b DSGVO (Vertrag \/ vorvertragliche Ma\u00dfnahmen)<\/p>\n<p data-start=\"3003\" data-end=\"3084\">Die Daten werden gel\u00f6scht, sobald sie f\u00fcr den Zweck nicht mehr erforderlich sind.<\/p>\n<hr data-start=\"3086\" data-end=\"3089\" \/>\n<h2 data-start=\"3091\" data-end=\"3104\">9. YouTube<\/h2>\n<p data-start=\"3105\" data-end=\"3174\">Auf dieser Website sind Videos der Plattform <strong data-start=\"3150\" data-end=\"3161\">YouTube<\/strong> eingebunden.<\/p>\n<p data-start=\"3176\" data-end=\"3266\">Anbieter ist:<br data-start=\"3189\" data-end=\"3192\" \/><strong data-start=\"3192\" data-end=\"3218\">Google Ireland Limited<\/strong>, Gordon House, Barrow Street, Dublin 4, Irland.<\/p>\n<p data-start=\"3268\" data-end=\"3427\">Beim Aufruf einer Seite mit eingebettetem YouTube-Video wird eine Verbindung zu Servern von YouTube hergestellt. Dabei kann Ihre IP-Adresse \u00fcbermittelt werden.<\/p>\n<p data-start=\"3429\" data-end=\"3565\">Die Nutzung von YouTube erfolgt im Interesse einer ansprechenden Darstellung unseres Online-Angebots<br data-start=\"3529\" data-end=\"3532\" \/>(<strong data-start=\"3533\" data-end=\"3563\">Art. 6 Abs. 1 lit. f DSGVO<\/strong>).<\/p>\n<p data-start=\"3567\" data-end=\"3672\">Weitere Informationen zum Datenschutz bei YouTube finden Sie unter:<br data-start=\"3634\" data-end=\"3637\" \/><a class=\"decorated-link\" href=\"https:\/\/policies.google.com\/privacy\" target=\"_new\" rel=\"noopener\" data-start=\"3637\" data-end=\"3672\">https:\/\/policies.google.com\/privacy<\/a><\/p>\n<hr data-start=\"3674\" data-end=\"3677\" \/>\n<h2 data-start=\"3679\" data-end=\"3702\">10. Google Web Fonts<\/h2>\n<p data-start=\"3703\" data-end=\"3823\">Diese Website verwendet zur einheitlichen Darstellung von Schriftarten <strong data-start=\"3774\" data-end=\"3794\">Google Web Fonts<\/strong>, die lokal eingebunden sind.<\/p>\n<p data-start=\"3825\" data-end=\"3887\">Dabei findet <strong data-start=\"3838\" data-end=\"3880\">keine Verbindung zu Servern von Google<\/strong> statt.<\/p>\n<hr data-start=\"3889\" data-end=\"3892\" \/>\n<h2 data-start=\"3894\" data-end=\"3939\">11. \u00c4nderungen dieser Datenschutzerkl\u00e4rung<\/h2>\n<p data-start=\"3940\" data-end=\"4089\">Wir behalten uns vor, diese Datenschutzerkl\u00e4rung anzupassen, um sie an aktuelle rechtliche Anforderungen oder \u00c4nderungen unseres Angebots anzupassen.<\/p>\n<p>\n<\/div><\/div><\/div><\/div><\/div><\/div><script id=\"script-row-unique-0\" data-row=\"script-row-unique-0\" type=\"text\/javascript\" class=\"vc_controls\">UNCODE.initRow(document.getElementById(\"row-unique-0\"));<\/script><\/div><\/div><\/div><div data-parent=\"true\" class=\"vc_row row-container boomapps_vcrow\" id=\"row-unique-1\"><div class=\"row limit-width row-parent\"><div class=\"wpb_row row-inner\"><div class=\"wpb_column pos-top pos-center align_left column_parent col-lg-12 boomapps_vccolumn single-internal-gutter\"><div class=\"uncol style-light\"  ><div class=\"uncoltable\"><div class=\"uncell  boomapps_vccolumn no-block-padding\" ><div class=\"uncont\" ><div class=\"empty-space empty-triple\" ><span class=\"empty-space-inner\"><\/span><\/div>\n<\/div><\/div><\/div><\/div><\/div><script id=\"script-row-unique-1\" data-row=\"script-row-unique-1\" type=\"text\/javascript\" class=\"vc_controls\">UNCODE.initRow(document.getElementById(\"row-unique-1\"));<\/script><\/div><\/div><\/div>\n<\/div>","protected":false},"excerpt":{"rendered":"Datenschutzerkl\u00e4rung 1. Allgemeine Hinweise Der Schutz Ihrer pers\u00f6nlichen Daten ist uns ein besonderes Anliegen.Wir behandeln Ihre personenbezogenen Daten vertraulich und [...]","protected":false},"author":1,"featured_media":0,"parent":0,"menu_order":0,"comment_status":"closed","ping_status":"open","template":"","meta":{"footnotes":""},"class_list":["post-3","page","type-page","status-publish","hentry"],"_links":{"self":[{"href":"https:\/\/flow-zeichenwettbewerb.de\/en\/wp-json\/wp\/v2\/pages\/3","targetHints":{"allow":["GET"]}}],"collection":[{"href":"https:\/\/flow-zeichenwettbewerb.de\/en\/wp-json\/wp\/v2\/pages"}],"about":[{"href":"https:\/\/flow-zeichenwettbewerb.de\/en\/wp-json\/wp\/v2\/types\/page"}],"author":[{"embeddable":true,"href":"https:\/\/flow-zeichenwettbewerb.de\/en\/wp-json\/wp\/v2\/users\/1"}],"replies":[{"embeddable":true,"href":"https:\/\/flow-zeichenwettbewerb.de\/en\/wp-json\/wp\/v2\/comments?post=3"}],"version-history":[{"count":5,"href":"https:\/\/flow-zeichenwettbewerb.de\/en\/wp-json\/wp\/v2\/pages\/3\/revisions"}],"predecessor-version":[{"id":4124,"href":"https:\/\/flow-zeichenwettbewerb.de\/en\/wp-json\/wp\/v2\/pages\/3\/revisions\/4124"}],"wp:attachment":[{"href":"https:\/\/flow-zeichenwettbewerb.de\/en\/wp-json\/wp\/v2\/media?parent=3"}],"curies":[{"name":"wp","href":"https:\/\/api.w.org\/{rel}","templated":true}]}}