{"id":3909,"date":"2025-07-10T10:21:43","date_gmt":"2025-07-10T08:21:43","guid":{"rendered":"https:\/\/flow-zeichenwettbewerb.de\/?page_id=3909"},"modified":"2025-09-14T13:54:17","modified_gmt":"2025-09-14T11:54:17","slug":"sonderwettbewerb","status":"publish","type":"page","link":"https:\/\/flow-zeichenwettbewerb.de\/en\/sonderwettbewerb\/","title":{"rendered":"Sonderwettbewerb"},"content":{"rendered":"<div class=\"wpb-content-wrapper\"><div data-parent=\"true\" class=\"vc_row row-container boomapps_vcrow\" id=\"row-unique-0\"><div class=\"row limit-width row-parent\"><div class=\"wpb_row row-inner\"><div class=\"wpb_column pos-top pos-center align_left column_parent col-lg-12 boomapps_vccolumn single-internal-gutter\"><div class=\"uncol style-light\"  ><div class=\"uncoltable\"><div class=\"uncell  boomapps_vccolumn no-block-padding\" ><div class=\"uncont\" ><div class=\"vc_custom_heading_wrap\"><div class=\"heading-text el-text\" ><h1 class=\"h2\" ><span>Preistr\u00e4ger und Preistr\u00e4gerinnen \u201eSonderwettbewerb Baumalleen\u201c 2025<\/span><\/h1><\/div><div class=\"clear\"><\/div><\/div><\/div><\/div><\/div><\/div><\/div><script id=\"script-row-unique-0\" data-row=\"script-row-unique-0\" type=\"text\/javascript\" class=\"vc_controls\">UNCODE.initRow(document.getElementById(\"row-unique-0\"));<\/script><\/div><\/div><\/div><div data-parent=\"true\" class=\"vc_row row-container boomapps_vcrow\" id=\"row-unique-1\"><div class=\"row limit-width row-parent\"><div class=\"wpb_row row-inner\"><div class=\"wpb_column pos-top pos-center align_left column_parent col-lg-12 boomapps_vccolumn single-internal-gutter\"><div class=\"uncol style-light\"  ><div class=\"uncoltable\"><div class=\"uncell  boomapps_vccolumn no-block-padding\" ><div class=\"uncont\" ><div class=\"uncode_text_column\" ><p>Im Rahmen des Sonderwettbewerbs \u201eBaumalleen in Brandenburg\u201c erreichten 952 k\u00fcnstlerische Arbeiten von Kindern und Jugendlichen zwischen 4 und 20 Jahren die Stadt Schwedt\/Oder! Ausgeschrieben wurde der Wettbewerb vom Landesbetrieb Stra\u00dfenwesen Brandenburg mit Unterst\u00fctzung des Internationalen Zeichenwettbewerbs FLOW.<\/p>\n<p>Eine Jury, die sich aus K\u00fcnstlerinnen, Kunstp\u00e4dagoginnen, MitarbeiterInnen vom Landesbetrieb Stra\u00dfenwesen und vom Ministerium f\u00fcr Infrastruktur und Landesplanung des Landes Brandenburg zusammensetzte, hat nun \u00fcber die Preistr\u00e4gerbilder entschieden. Die offizielle Preisvergabe findet \u00a0im Rahmen der Er\u00f6ffnung der Jahresausstellung von FLOW am 17. September 2025 um 15.00 Uhr in den Uckerm\u00e4rkischen B\u00fchnen Schwedt\/Oder statt.<\/p>\n<div>\n<p>Herzlichen Gl\u00fcckwunsch all&#8216; den Preistr\u00e4gern und Preistr\u00e4gerinnen!<\/p>\n<\/div>\n<p>\n<\/div><\/div><\/div><\/div><\/div><\/div><script id=\"script-row-unique-1\" data-row=\"script-row-unique-1\" type=\"text\/javascript\" class=\"vc_controls\">UNCODE.initRow(document.getElementById(\"row-unique-1\"));<\/script><\/div><\/div><\/div><div data-parent=\"true\" class=\"vc_row row-container boomapps_vcrow\" id=\"row-unique-2\"><div class=\"row limit-width row-parent\"><div class=\"wpb_row row-inner\"><div class=\"wpb_column pos-top pos-center align_left column_parent col-lg-12 boomapps_vccolumn single-internal-gutter\"><div class=\"uncol style-light\"  ><div class=\"uncoltable\"><div class=\"uncell  boomapps_vccolumn no-block-padding\" ><div class=\"uncont\" ><div class=\"uncode-accordion wpb_accordion wpb_content_element  sign-size-rg default-typography w-border\" data-collapsible=\"no\" data-target=\"\" data-active-tab=\"1\" >\n\t\t<div class=\"panel-group wpb_wrapper wpb_accordion_wrapper\" id=\"accordion_709426056\" data-no-toggle=\"\">\n\n<div class=\"panel panel-default wpb_accordion_section group  no-block-padding active-group\"><div class=\"panel-heading wpb_accordion_header ui-accordion-header\"><p class=\"panel-title active font-555555 h3 font-weight-500 text-   icon-size-rg\"><a data-toggle=\"collapse\" data-parent=\"#accordion_709426056\" href=\"#1752135770-1-84\"><span>AK I (4\u20136 Jahre) 5 Preise a 80,- Euro<\/span><\/a><\/p><\/div><div id=\"1752135770-1-84\" class=\"panel-collapse collapse in\"><div class=\"panel-body wpb_accordion_content ui-accordion-content half-internal-gutter single-block-padding\">\n\t\t\t\t\t\t<div class=\"uncode_text_column\" ><p><strong>Lilly Riedel<\/strong>, 4 Jahre, Integrationskindertagesst\u00e4tte \u201eRegenbogen\u201c Schwedt\/Oder<br \/>\n<strong>Clara Krumm<\/strong>, 3 Jahre, Integrationskindertagesst\u00e4tte \u201eRegenbogen\u201c Schwedt\/Oder<br \/>\n<strong>Hedda Kluth<\/strong>, 6 Jahre, Integrationskindertagesst\u00e4tte \u201eRegenbogen\u201c Schwedt\/Oder<br \/>\n<strong>Misha Lemke<\/strong>, 6 Jahre, Musik- und Kunstschule Schwedt\/Oder<br \/>\n<strong>Jonna Neumuth<\/strong>, 6 Jahre, Musik- und Kunstschule Schwedt\/Oder<\/p>\n<p>alle Landkreis Uckermark<\/p>\n<\/div><\/div><\/div><\/div><div class=\"panel panel-default wpb_accordion_section group  no-block-padding\"><div class=\"panel-heading wpb_accordion_header ui-accordion-header\"><p class=\"panel-title font-555555 h3 font-weight-500 text-   icon-size-rg\"><a data-toggle=\"collapse\" data-parent=\"#accordion_709426056\" href=\"#1752135770-2-94\"><span>AK II (7\u201313 Jahre) 20 Preise a 80,- Euro<\/span><\/a><\/p><\/div><div id=\"1752135770-2-94\" class=\"panel-collapse collapse\"><div class=\"panel-body wpb_accordion_content ui-accordion-content half-internal-gutter single-block-padding\">\n\t\t\t\t\t\t<div class=\"uncode_text_column\" ><p><strong>Hermine Langfellner<\/strong>, 10 Jahre, Waldhofschule Templin, Landkreis Uckermark<br \/>\n<strong>Frida Oppel<\/strong>, 10 Jahre, Waldhofschule Templin, Landkreis Uckermark<br \/>\n<strong>Helene Hinz<\/strong>, 11 Jahre, Waldhofschule Templin, Landkreis Uckermark<br \/>\n<strong>Sofia Clemens<\/strong>, 12 Jahre, Schule am Kirschgarten, Landkreis Barnim<br \/>\n<strong>Antoni Gasior<\/strong>, 13 Jahre, Schule am Kirschgarten Bernau, Landkreis Barnim<br \/>\n<strong>Lisbeth von der Hude<\/strong>, 6. Klasse, Grundschule B\u00f6tzow, Landkreis Oberhavel<br \/>\n<strong>Sophie Pannier<\/strong>, 13 Jahre, Goethe-Schule Eberswalde, Landkreis Barnim<br \/>\n\u201c<strong>Hortg\u00e4nse<\/strong>\u201d Kita G\u00e4nsebl\u00fcmchen, Schwedt\/Oder, Landkreis Uckermark<br \/>\n<strong>Luca Steinberger<\/strong>, 2. Klasse, Theodor-Fontane-Schule Letschin, Landkreis M\u00e4rkisch-Oderland<br \/>\n<strong>Lara Schuster<\/strong>, 10 Jahre, Rhinow, Landkreis Havelland<br \/>\n<strong>Melina Jasmin K\u00fchnel<\/strong>, 11 Jahre, Gebr\u00fcder-Grimm-Grundschule Hoppegarten, Landkreis M\u00e4rkisch-Oderland<br \/>\n<strong>Ajar Fatima Sahi<\/strong>, 11 Jahre, Gebr\u00fcder-Grimm-Grundschule Hoppegarten, Landkreis M\u00e4rkisch-Oderland<br \/>\n<strong>Julia Zaniewska<\/strong>, 9 Jahre, Grundschule Gartz, Landkreis Uckermark<br \/>\n<strong>Leni M\u00fcller<\/strong>, 7 Jahre, Integrationskindertagesst\u00e4tte \u201cRegenbogen\u201d Schwedt\/Oder, Landkreis Uckermark<br \/>\n<strong>Jona Lenk<\/strong>, 11 Jahre, Grundschule \u201eAm Waldrand\u201c Schwedt\/Oder, Landkreis Uckermark<br \/>\n<strong>Levke Sasse<\/strong>, 11 Jahre, Grundschule \u201eAm Waldrand\u201c Schwedt\/Oder, Landkreis Uckermark<br \/>\n<strong>Vlada Nasibullina<\/strong>, 10 Jahre, Eisenhart Grundschule Potsdam<br \/>\n<strong>Karla Ganzer<\/strong>, 12 Jahre, Eisenhart Grundschule Potsdam<br \/>\n<strong>Malea Mia Ebel<\/strong>, 13 Jahre, Panketal, Landkreis Barnim<br \/>\n<strong>Alisa Terletska<\/strong>, 10 Jahre, Erich K\u00e4stner-Grundschule Schwedt\/Oder, Landkreis Uckermark<\/p>\n<\/div><\/div><\/div><\/div><div class=\"panel panel-default wpb_accordion_section group  no-block-padding\"><div class=\"panel-heading wpb_accordion_header ui-accordion-header\"><p class=\"panel-title font-555555 h3 font-weight-500 text-   icon-size-rg\"><a data-toggle=\"collapse\" data-parent=\"#accordion_709426056\" href=\"#b890761d-5f11-1\"><span>AK III ( 14\u201320 Jahre) 11 Preise a 80,- Euro<\/span><\/a><\/p><\/div><div id=\"b890761d-5f11-1\" class=\"panel-collapse collapse\"><div class=\"panel-body wpb_accordion_content ui-accordion-content half-internal-gutter single-block-padding\">\n\t\t\t\t\t\t<div class=\"uncode_text_column\" ><p><strong>Tobias Knuth<\/strong>, 18 Jahre, Nuthetal, Landkreis Potsdam-Mittelmark<br \/>\n<strong>Stella Lahn<\/strong>, 14 Jahre, Kloster Lehnin, OT Nahmitz, Landkreis Potsdam-Mittelmark<br \/>\n<strong>Isabell Pfaffhausen<\/strong>, 14 Jahre, Albert Schweitzer-Oberschule, Hennigsdorf, Landkreis Oberhavel<br \/>\n<strong>Lara Beekmann<\/strong>, 20 Jahre, Wiesmoor, Niedersachsen<br \/>\n<strong>Sitara Nabizadah<\/strong>, 16 Jahre, Schule am Kirschgarten Bernau, Landkreis Barnim<br \/>\n<strong>Mia-Sophie Hensel<\/strong>, 16 Jahre, Schule am Kirschgarten Bernau, Landkreis Barnim<br \/>\n<strong>Mathilda Petermann<\/strong>, 17 Jahre, Atelier KinkiColor Kunstschule Potsdam<br \/>\n<strong>Nika Siegert<\/strong>, 14 Jahre, Atelier KinkiColor Kunstschule Potsdam<br \/>\n<strong>Maya-Juna Lorenz<\/strong>, 16 Jahre, Neuruppin, Landkreis Ostpriegnitz-Ruppin<br \/>\n<strong>Elsa Lehnert<\/strong>, 15 Jahre, Gau\u00df-Gymnasium<br \/>\n<strong>Maya Warsow<\/strong>, 16 Jahre, Sportschule Frankfurt (Oder)<\/p>\n<\/div><\/div><\/div><\/div><div class=\"panel panel-default wpb_accordion_section group  no-block-padding\"><div class=\"panel-heading wpb_accordion_header ui-accordion-header\"><p class=\"panel-title font-555555 h3 font-weight-500 text-   icon-size-rg\"><a data-toggle=\"collapse\" data-parent=\"#accordion_709426056\" href=\"#2c328ff4-f0ef-3\"><span>Gruppenpreise (alle Altersgruppen) 6 Preise a 100,- Euro<\/span><\/a><\/p><\/div><div id=\"2c328ff4-f0ef-3\" class=\"panel-collapse collapse\"><div class=\"panel-body wpb_accordion_content ui-accordion-content half-internal-gutter single-block-padding\">\n\t\t\t\t\t\t<div class=\"uncode_text_column\" ><p><strong>Klasse 5b (14 Sch\u00fcler_innen)<\/strong>, Grundschule Putlitz, Landkreis Prignitz,<\/p>\n<p><strong>Klasse 2a (18 Sch\u00fcler_innen)<\/strong>, Grundschule Putlitz, Landkreis Prignitz<\/p>\n<p><strong>Zoe Sch\u00f6ller, Julianne Horn,<\/strong> 16 Jahre, Sportschule Frankfurt (Oder)<\/p>\n<p><strong>Anastasia Milojevic, Johanna Kurmann, Enna Leni Meyer, Johanna Obst, Illia<\/strong><br \/>\n<strong>Parshakov, <\/strong><strong>Merle Sophie Sarge, Malte Scheinig, Lilla-Marie Schnell<\/strong> 16\u201320 Jahre,<br \/>\nGesamtschule Peter-Joseph-Lenn\u00e9, Potsdam, Leistungskurs Kunst 11, Landkreis<br \/>\nPotsdam-Mittelmark<\/p>\n<p><strong>Maximilian Sandmann, Finn Teichert, Heva Jolin Khalil, Emily Kage, Stine Graudenz, Lilo Rothnick,<\/strong><br \/>\n<strong>Ophra Golsdorf, Finnley Sebbin, Alisa Terletska, Miriam Korthalsmeschul, Mark Terletskiy, Zakhar<\/strong><br \/>\n<strong>Makartrev<\/strong>, 8\u201310 Jahre, Erich-K\u00e4stner Grundschule Schwedt\/Oder, Handwerk und Kunstkurs<\/p>\n<p><strong>Jonatan Jesswein-Wojcik, Wiktor Kowal, Fritz Mieland, Nadia Nawrocka,<\/strong><br \/>\n<strong>Jasmin Olejniczak, <\/strong><strong>Ida Rackel, Emily Schuhknecht, Elena Somoza, Adam Stolarski, Lena<\/strong><br \/>\n<strong>Stolarski, <\/strong><strong>Natan Szkwarek, Lilianne Theurer, Tomasz Wichorowski, Alex Wysocki<\/strong>,<br \/>\n4. Klasse, Evangelische Salveytal-Grundschule Tantow, Landkreis Uckermark<\/p>\n<\/div><\/div><\/div><\/div><div class=\"panel panel-default wpb_accordion_section group  no-block-padding\"><div class=\"panel-heading wpb_accordion_header ui-accordion-header\"><p class=\"panel-title font-555555 h3 font-weight-500 text-   icon-size-rg\"><a data-toggle=\"collapse\" data-parent=\"#accordion_709426056\" href=\"#051c89a5-5273-2\"><span>Preise f\u00fcr Schulen mit sonderp\u00e4dagogischem F\u00f6rderschwerpunkt (alle Altersgruppen) 3 Preise a 100,- Euro, 2 Preise a 80,- Euro<\/span><\/a><\/p><\/div><div id=\"051c89a5-5273-2\" class=\"panel-collapse collapse\"><div class=\"panel-body wpb_accordion_content ui-accordion-content half-internal-gutter single-block-padding\">\n\t\t\t\t\t\t<div class=\"uncode_text_column\" ><p><strong>Pascal Jahnke<\/strong>, 14 Jahre, F\u00f6rderschule \u201cIm Odertal\u201d, Schwedt\/Oder, Landkreis Uckermark<br \/>\n<strong>Celina Kaltschmidt<\/strong>, 15 Jahre, Albert Schweitzer Schule, Herzberg, Landkreis Elbe Elster<br \/>\n<strong>Johanna, Alex, Kelly, Jeremy, Joh, Johnny<\/strong>, Mittelst\u00fcrmer-Klasse, Schule St. Johannesberg,<br \/>\nOranienburg, Landkreis Oberhavel<br \/>\n<strong>Lia Stein<\/strong>, 10 Jahre; <strong>Joly Traurig<\/strong>, 10 Jahre; <strong>Amija Lemcke<\/strong> 11 Jahre; <strong>Aaron Steffen<\/strong>, 10 Jahre;<br \/>\n<strong>Annabelle Schimmelpfennig<\/strong>, 10 Jahre; <strong>Lena Grabert<\/strong>, 11 Jahre; <strong>Kevin Winkel<\/strong>, 10 Jahre;<br \/>\n<strong>Nikita Suslyk<\/strong>, 10 Jahre; <strong>Charlotte Wegner<\/strong>, 10 Jahre; Schule am Schlosspark Schwedt\/Oder,<br \/>\nLandkreis Uckermark<br \/>\n<strong>Klara, Josie, Marie, Alan, Joel, Marleen<\/strong>, 12 Jahre, Marie-und-Hermann-Schmidt-Schule K\u00f6nigs<br \/>\nWusterhausen, Landkreis Dahme-Spreewald<\/p>\n<\/div><\/div><\/div><\/div>\n\t\t<\/div><\/div><\/div><\/div><\/div><\/div><\/div><script id=\"script-row-unique-2\" data-row=\"script-row-unique-2\" type=\"text\/javascript\" class=\"vc_controls\">UNCODE.initRow(document.getElementById(\"row-unique-2\"));<\/script><\/div><\/div><\/div>\n<\/div>","protected":false},"excerpt":{"rendered":"Preistr\u00e4ger und Preistr\u00e4gerinnen \u201eSonderwettbewerb Baumalleen\u201c 2025Im Rahmen des Sonderwettbewerbs \u201eBaumalleen in Brandenburg\u201c erreichten 952 k\u00fcnstlerische Arbeiten von Kindern und Jugendlichen [...]","protected":false},"author":1,"featured_media":3889,"parent":0,"menu_order":0,"comment_status":"closed","ping_status":"closed","template":"","meta":{"footnotes":""},"class_list":["post-3909","page","type-page","status-publish","has-post-thumbnail","hentry"],"_links":{"self":[{"href":"https:\/\/flow-zeichenwettbewerb.de\/en\/wp-json\/wp\/v2\/pages\/3909","targetHints":{"allow":["GET"]}}],"collection":[{"href":"https:\/\/flow-zeichenwettbewerb.de\/en\/wp-json\/wp\/v2\/pages"}],"about":[{"href":"https:\/\/flow-zeichenwettbewerb.de\/en\/wp-json\/wp\/v2\/types\/page"}],"author":[{"embeddable":true,"href":"https:\/\/flow-zeichenwettbewerb.de\/en\/wp-json\/wp\/v2\/users\/1"}],"replies":[{"embeddable":true,"href":"https:\/\/flow-zeichenwettbewerb.de\/en\/wp-json\/wp\/v2\/comments?post=3909"}],"version-history":[{"count":6,"href":"https:\/\/flow-zeichenwettbewerb.de\/en\/wp-json\/wp\/v2\/pages\/3909\/revisions"}],"predecessor-version":[{"id":3929,"href":"https:\/\/flow-zeichenwettbewerb.de\/en\/wp-json\/wp\/v2\/pages\/3909\/revisions\/3929"}],"wp:featuredmedia":[{"embeddable":true,"href":"https:\/\/flow-zeichenwettbewerb.de\/en\/wp-json\/wp\/v2\/media\/3889"}],"wp:attachment":[{"href":"https:\/\/flow-zeichenwettbewerb.de\/en\/wp-json\/wp\/v2\/media?parent=3909"}],"curies":[{"name":"wp","href":"https:\/\/api.w.org\/{rel}","templated":true}]}}