{"id":801,"date":"2019-09-25T09:27:35","date_gmt":"2019-09-25T07:27:35","guid":{"rendered":"https:\/\/flow-zeichenwettbewerb.de\/?page_id=801"},"modified":"2025-12-19T19:38:47","modified_gmt":"2025-12-19T18:38:47","slug":"altersgruppe-i-4-6-jahre","status":"publish","type":"page","link":"https:\/\/flow-zeichenwettbewerb.de\/en\/preistraeger\/altersgruppe-i-4-6-jahre\/","title":{"rendered":"Age group I (4-6 years)"},"content":{"rendered":"<div class=\"wpb-content-wrapper\"><div data-parent=\"true\" class=\"vc_row has-bg need-focus style-color-lxmt-bg row-container boomapps_vcrow\" id=\"row-unique-0\"><div class=\"row col-double-gutter full-width row-parent\"><div class=\"wpb_row row-inner\"><div class=\"wpb_column pos-top pos-center align_left column_parent col-lg-12 boomapps_vccolumn single-internal-gutter\"><div class=\"uncol style-light\"  ><div class=\"uncoltable\"><div class=\"uncell  boomapps_vccolumn no-block-padding\" ><div class=\"uncont\" ><div id=\"index-111030\" class=\"isotope-system isotope-general-light grid-general-light\" >\n\t\t\t\n\t\t\t\t\t\t\t\t\t\t\t\t\t\t<div class=\"isotope-wrapper grid-wrapper single-gutter\" >\t\t\t\t\t\t\t\t\t\t\t\t<div class=\"isotope-container grid-container isotope-layout style-metro isotope-pagination grid-pagination\" data-type=\"metro\" data-layout=\"masonry\" data-lg=\"1000\" data-md=\"600\" data-sm=\"480\" data-vp-height=\"1\">\t\t\t<div class=\"tmb atc-typography-inherit tmb-iso-w12 tmb-iso-h50 tmb-light tmb-content-lateral-left tmb-content-vertical-middle tmb-content-size-6 tmb-content-lateral-responsive tmb-content-left tmb-content-mobile-center tmb-image-anim  grid-cat-98 tmb-id-2142 tmb-content-lateral tmb-media-first\" ><div class=\"t-inside style-color-xsdn-bg animate_when_almost_visible bottom-t-top\" data-delay=\"200\"><div class=\"t-entry-visual\"><div class=\"t-entry-visual-tc\"><div class=\"t-entry-visual-cont\"><a role=\"button\" tabindex=\"-1\" href=\"https:\/\/flow-zeichenwettbewerb.de\/en\/portfolio\/emma-breuer\/\" target=\"_self\" data-lb-index=\"0\"><div class=\"t-entry-visual-overlay\"><div class=\"t-entry-visual-overlay-in style-dark-bg\" style=\"opacity: 0.5;\"><\/div><\/div><div class=\"t-background-cover\" style=\"background-image:url('https:\/\/flow-zeichenwettbewerb.de\/wp-content\/uploads\/2025\/09\/Emma-Breuer-6-Jahre-Deutschland.png')\"><\/div><\/a><\/div>\n\t\t\t\t\t<\/div>\n\t\t\t\t<\/div><div class=\"t-entry-text\">\n\t\t\t\t\t\t\t\t\t<div class=\"t-entry-text-tc quad-block-padding\"><div class=\"t-entry\"><h3 class=\"t-entry-title h2 title-scale\"><a href=\"https:\/\/flow-zeichenwettbewerb.de\/en\/portfolio\/emma-breuer\/\" target=\"_self\">Emma Breuer<\/a><\/h3><div class=\"t-entry-excerpt text-lead\"><p>Age group I (4-6 years)<br \/>\n6 years Germany<\/p>\n<\/div><\/div><\/div>\n\t\t\t\t\t\t\t<\/div><\/div><\/div><div class=\"tmb atc-typography-inherit tmb-iso-w12 tmb-iso-h50 tmb-light tmb-content-lateral-right tmb-content-vertical-middle tmb-content-size-6 tmb-content-lateral-responsive tmb-content-left tmb-content-mobile-center tmb-image-anim  grid-cat-98 tmb-id-2149 tmb-content-lateral tmb-media-first\" ><div class=\"t-inside style-color-xsdn-bg animate_when_almost_visible bottom-t-top\" data-delay=\"200\"><div class=\"t-entry-visual\"><div class=\"t-entry-visual-tc\"><div class=\"t-entry-visual-cont\"><a role=\"button\" tabindex=\"-1\" href=\"https:\/\/flow-zeichenwettbewerb.de\/en\/portfolio\/wojtek-chanko\/\" target=\"_self\" data-lb-index=\"1\"><div class=\"t-entry-visual-overlay\"><div class=\"t-entry-visual-overlay-in style-dark-bg\" style=\"opacity: 0.5;\"><\/div><\/div><div class=\"t-background-cover\" style=\"background-image:url('https:\/\/flow-zeichenwettbewerb.de\/wp-content\/uploads\/2025\/09\/Wojtek-Chanko-6-Jahre-Polen-1.png')\"><\/div><\/a><\/div>\n\t\t\t\t\t<\/div>\n\t\t\t\t<\/div><div class=\"t-entry-text\">\n\t\t\t\t\t\t\t\t\t<div class=\"t-entry-text-tc quad-block-padding\"><div class=\"t-entry\"><h3 class=\"t-entry-title h2 title-scale\"><a href=\"https:\/\/flow-zeichenwettbewerb.de\/en\/portfolio\/wojtek-chanko\/\" target=\"_self\">Wojtek Cha\u0144ko<\/a><\/h3><div class=\"t-entry-excerpt text-lead\"><p>Age group I (4-6 years)<br \/>\n6 Jahre Polen<\/p>\n<\/div><\/div><\/div>\n\t\t\t\t\t\t\t<\/div><\/div><\/div><div class=\"tmb atc-typography-inherit tmb-iso-w12 tmb-iso-h50 tmb-light tmb-content-lateral-left tmb-content-vertical-middle tmb-content-size-6 tmb-content-lateral-responsive tmb-content-left tmb-content-mobile-center tmb-image-anim  grid-cat-98 tmb-id-2153 tmb-content-lateral tmb-media-first\" ><div class=\"t-inside style-color-xsdn-bg animate_when_almost_visible bottom-t-top\" data-delay=\"200\"><div class=\"t-entry-visual\"><div class=\"t-entry-visual-tc\"><div class=\"t-entry-visual-cont\"><a role=\"button\" tabindex=\"-1\" href=\"https:\/\/flow-zeichenwettbewerb.de\/en\/portfolio\/adrian-voelker\/\" target=\"_self\" data-lb-index=\"2\"><div class=\"t-entry-visual-overlay\"><div class=\"t-entry-visual-overlay-in style-dark-bg\" style=\"opacity: 0.5;\"><\/div><\/div><div class=\"t-background-cover\" style=\"background-image:url('https:\/\/flow-zeichenwettbewerb.de\/wp-content\/uploads\/2025\/09\/339-Adrian-Voelker-6-Jahre-Deutschland.jpg')\"><\/div><\/a><\/div>\n\t\t\t\t\t<\/div>\n\t\t\t\t<\/div><div class=\"t-entry-text\">\n\t\t\t\t\t\t\t\t\t<div class=\"t-entry-text-tc quad-block-padding\"><div class=\"t-entry\"><h3 class=\"t-entry-title h2 title-scale\"><a href=\"https:\/\/flow-zeichenwettbewerb.de\/en\/portfolio\/adrian-voelker\/\" target=\"_self\">Adrian V\u00f6lker<\/a><\/h3><div class=\"t-entry-excerpt text-lead\"><p>Age group I (4-6 years)<br \/>\n6 years Germany<\/p>\n<\/div><\/div><\/div>\n\t\t\t\t\t\t\t<\/div><\/div><\/div><div class=\"tmb atc-typography-inherit tmb-iso-w12 tmb-iso-h50 tmb-light tmb-content-lateral-right tmb-content-vertical-middle tmb-content-size-6 tmb-content-lateral-responsive tmb-content-left tmb-content-mobile-center tmb-image-anim  grid-cat-98 grid-cat-157 tmb-id-2157 tmb-content-lateral tmb-media-first\" ><div class=\"t-inside style-color-xsdn-bg animate_when_almost_visible bottom-t-top\" data-delay=\"200\"><div class=\"t-entry-visual\"><div class=\"t-entry-visual-tc\"><div class=\"t-entry-visual-cont\"><a role=\"button\" tabindex=\"-1\" href=\"https:\/\/flow-zeichenwettbewerb.de\/en\/portfolio\/oliver-tam\/\" target=\"_self\" data-lb-index=\"3\"><div class=\"t-entry-visual-overlay\"><div class=\"t-entry-visual-overlay-in style-dark-bg\" style=\"opacity: 0.5;\"><\/div><\/div><div class=\"t-background-cover\" style=\"background-image:url('https:\/\/flow-zeichenwettbewerb.de\/wp-content\/uploads\/2025\/09\/Oliver-Tam-5-Jahre-China.png')\"><\/div><\/a><\/div>\n\t\t\t\t\t<\/div>\n\t\t\t\t<\/div><div class=\"t-entry-text\">\n\t\t\t\t\t\t\t\t\t<div class=\"t-entry-text-tc quad-block-padding\"><div class=\"t-entry\"><h3 class=\"t-entry-title h2 title-scale\"><a href=\"https:\/\/flow-zeichenwettbewerb.de\/en\/portfolio\/oliver-tam\/\" target=\"_self\">Oliver Tam<\/a><\/h3><div class=\"t-entry-excerpt text-lead\"><p>Age group I (4-6 years)<br \/>\n5 years China<\/p>\n<\/div><\/div><\/div>\n\t\t\t\t\t\t\t<\/div><\/div><\/div><div class=\"tmb atc-typography-inherit tmb-iso-w12 tmb-iso-h50 tmb-light tmb-content-lateral-left tmb-content-vertical-middle tmb-content-size-6 tmb-content-lateral-responsive tmb-content-left tmb-content-mobile-center tmb-image-anim  grid-cat-98 tmb-id-2160 tmb-content-lateral tmb-media-first\" ><div class=\"t-inside style-color-xsdn-bg animate_when_almost_visible bottom-t-top\" data-delay=\"200\"><div class=\"t-entry-visual\"><div class=\"t-entry-visual-tc\"><div class=\"t-entry-visual-cont\"><a role=\"button\" tabindex=\"-1\" href=\"https:\/\/flow-zeichenwettbewerb.de\/en\/portfolio\/sebastian-belusar\/\" target=\"_self\" data-lb-index=\"4\"><div class=\"t-entry-visual-overlay\"><div class=\"t-entry-visual-overlay-in style-dark-bg\" style=\"opacity: 0.5;\"><\/div><\/div><div class=\"t-background-cover\" style=\"background-image:url('https:\/\/flow-zeichenwettbewerb.de\/wp-content\/uploads\/2025\/09\/Sebastian-Belusar-5-Jahre-Slowakei.png')\"><\/div><\/a><\/div>\n\t\t\t\t\t<\/div>\n\t\t\t\t<\/div><div class=\"t-entry-text\">\n\t\t\t\t\t\t\t\t\t<div class=\"t-entry-text-tc quad-block-padding\"><div class=\"t-entry\"><h3 class=\"t-entry-title h2 title-scale\"><a href=\"https:\/\/flow-zeichenwettbewerb.de\/en\/portfolio\/sebastian-belusar\/\" target=\"_self\">Sebasti\u00e1n Be\u013eu\u0161\u00e1r<\/a><\/h3><div class=\"t-entry-excerpt text-lead\"><p>Age group I (4-6 years)<br \/>\n5 Jahre Slowakei<\/p>\n<\/div><\/div><\/div>\n\t\t\t\t\t\t\t<\/div><\/div><\/div><div class=\"tmb atc-typography-inherit tmb-iso-w12 tmb-iso-h50 tmb-light tmb-content-lateral-right tmb-content-vertical-middle tmb-content-size-6 tmb-content-lateral-responsive tmb-content-left tmb-content-mobile-center tmb-image-anim  grid-cat-98 tmb-id-2163 tmb-content-lateral tmb-media-first\" ><div class=\"t-inside style-color-xsdn-bg animate_when_almost_visible bottom-t-top\" data-delay=\"200\"><div class=\"t-entry-visual\"><div class=\"t-entry-visual-tc\"><div class=\"t-entry-visual-cont\"><a role=\"button\" tabindex=\"-1\" href=\"https:\/\/flow-zeichenwettbewerb.de\/en\/portfolio\/franciszek-kolucki\/\" target=\"_self\" data-lb-index=\"5\"><div class=\"t-entry-visual-overlay\"><div class=\"t-entry-visual-overlay-in style-dark-bg\" style=\"opacity: 0.5;\"><\/div><\/div><div class=\"t-background-cover\" style=\"background-image:url('https:\/\/flow-zeichenwettbewerb.de\/wp-content\/uploads\/2025\/09\/Franciszek-Kolucki-4-Jahre-Polen.png')\"><\/div><\/a><\/div>\n\t\t\t\t\t<\/div>\n\t\t\t\t<\/div><div class=\"t-entry-text\">\n\t\t\t\t\t\t\t\t\t<div class=\"t-entry-text-tc quad-block-padding\"><div class=\"t-entry\"><h3 class=\"t-entry-title h2 title-scale\"><a href=\"https:\/\/flow-zeichenwettbewerb.de\/en\/portfolio\/franciszek-kolucki\/\" target=\"_self\">Franciszek Ko\u0142ucki<\/a><\/h3><div class=\"t-entry-excerpt text-lead\"><p>Age group I (4-6 years)<br \/>\n4 Jahre Polen<\/p>\n<\/div><\/div><\/div>\n\t\t\t\t\t\t\t<\/div><\/div><\/div><div class=\"tmb atc-typography-inherit tmb-iso-w12 tmb-iso-h50 tmb-light tmb-content-lateral-left tmb-content-vertical-middle tmb-content-size-6 tmb-content-lateral-responsive tmb-content-left tmb-content-mobile-center tmb-image-anim  grid-cat-98 tmb-id-2166 tmb-content-lateral tmb-media-first\" ><div class=\"t-inside style-color-xsdn-bg animate_when_almost_visible bottom-t-top\" data-delay=\"200\"><div class=\"t-entry-visual\"><div class=\"t-entry-visual-tc\"><div class=\"t-entry-visual-cont\"><a role=\"button\" tabindex=\"-1\" href=\"https:\/\/flow-zeichenwettbewerb.de\/en\/portfolio\/luiza-tamosaityte\/\" target=\"_self\" data-lb-index=\"6\"><div class=\"t-entry-visual-overlay\"><div class=\"t-entry-visual-overlay-in style-dark-bg\" style=\"opacity: 0.5;\"><\/div><\/div><div class=\"t-background-cover\" style=\"background-image:url('https:\/\/flow-zeichenwettbewerb.de\/wp-content\/uploads\/2025\/09\/1392-Luiza-Tamosaityte-6-Jahre-Litauen-scaled.jpg')\"><\/div><\/a><\/div>\n\t\t\t\t\t<\/div>\n\t\t\t\t<\/div><div class=\"t-entry-text\">\n\t\t\t\t\t\t\t\t\t<div class=\"t-entry-text-tc quad-block-padding\"><div class=\"t-entry\"><h3 class=\"t-entry-title h2 title-scale\"><a href=\"https:\/\/flow-zeichenwettbewerb.de\/en\/portfolio\/luiza-tamosaityte\/\" target=\"_self\">Luiza Tamosaityte<\/a><\/h3><div class=\"t-entry-excerpt text-lead\"><p>Age group I (4-6 years)<br \/>\n6 Jahre Litauen<\/p>\n<\/div><\/div><\/div>\n\t\t\t\t\t\t\t<\/div><\/div><\/div><div class=\"tmb atc-typography-inherit tmb-iso-w12 tmb-iso-h50 tmb-light tmb-content-lateral-right tmb-content-vertical-middle tmb-content-size-6 tmb-content-lateral-responsive tmb-content-left tmb-content-mobile-center tmb-image-anim  grid-cat-98 tmb-id-2169 tmb-content-lateral tmb-media-first\" ><div class=\"t-inside style-color-xsdn-bg animate_when_almost_visible bottom-t-top\" data-delay=\"200\"><div class=\"t-entry-visual\"><div class=\"t-entry-visual-tc\"><div class=\"t-entry-visual-cont\"><a role=\"button\" tabindex=\"-1\" href=\"https:\/\/flow-zeichenwettbewerb.de\/en\/portfolio\/kamil-krywalewicz\/\" target=\"_self\" data-lb-index=\"7\"><div class=\"t-entry-visual-overlay\"><div class=\"t-entry-visual-overlay-in style-dark-bg\" style=\"opacity: 0.5;\"><\/div><\/div><div class=\"t-background-cover\" style=\"background-image:url('https:\/\/flow-zeichenwettbewerb.de\/wp-content\/uploads\/2025\/09\/Kamil-Krywalewicz-6-Jahre-Polen.png')\"><\/div><\/a><\/div>\n\t\t\t\t\t<\/div>\n\t\t\t\t<\/div><div class=\"t-entry-text\">\n\t\t\t\t\t\t\t\t\t<div class=\"t-entry-text-tc quad-block-padding\"><div class=\"t-entry\"><h3 class=\"t-entry-title h2 title-scale\"><a href=\"https:\/\/flow-zeichenwettbewerb.de\/en\/portfolio\/kamil-krywalewicz\/\" target=\"_self\">Kamil Krywalewicz<\/a><\/h3><div class=\"t-entry-excerpt text-lead\"><p>Age group I (4-6 years)<br \/>\n6 Jahre Polen<\/p>\n<\/div><\/div><\/div>\n\t\t\t\t\t\t\t<\/div><\/div><\/div><div class=\"tmb atc-typography-inherit tmb-iso-w12 tmb-iso-h50 tmb-light tmb-content-lateral-left tmb-content-vertical-middle tmb-content-size-6 tmb-content-lateral-responsive tmb-content-left tmb-content-mobile-center tmb-image-anim  grid-cat-98 tmb-id-2172 tmb-content-lateral tmb-media-first\" ><div class=\"t-inside style-color-xsdn-bg animate_when_almost_visible bottom-t-top\" data-delay=\"200\"><div class=\"t-entry-visual\"><div class=\"t-entry-visual-tc\"><div class=\"t-entry-visual-cont\"><a role=\"button\" tabindex=\"-1\" href=\"https:\/\/flow-zeichenwettbewerb.de\/en\/portfolio\/antonia-chojniak\/\" target=\"_self\" data-lb-index=\"8\"><div class=\"t-entry-visual-overlay\"><div class=\"t-entry-visual-overlay-in style-dark-bg\" style=\"opacity: 0.5;\"><\/div><\/div><div class=\"t-background-cover\" style=\"background-image:url('https:\/\/flow-zeichenwettbewerb.de\/wp-content\/uploads\/2025\/09\/Antonia-Chojniak-6-Jahre-Polen.png')\"><\/div><\/a><\/div>\n\t\t\t\t\t<\/div>\n\t\t\t\t<\/div><div class=\"t-entry-text\">\n\t\t\t\t\t\t\t\t\t<div class=\"t-entry-text-tc quad-block-padding\"><div class=\"t-entry\"><h3 class=\"t-entry-title h2 title-scale\"><a href=\"https:\/\/flow-zeichenwettbewerb.de\/en\/portfolio\/antonia-chojniak\/\" target=\"_self\">Antonia Chojniak<\/a><\/h3><div class=\"t-entry-excerpt text-lead\"><p>Age group I (4-6 years)<br \/>\n6 Jahre Polen<\/p>\n<\/div><\/div><\/div>\n\t\t\t\t\t\t\t<\/div><\/div><\/div><div class=\"tmb atc-typography-inherit tmb-iso-w12 tmb-iso-h50 tmb-light tmb-content-lateral-right tmb-content-vertical-middle tmb-content-size-6 tmb-content-lateral-responsive tmb-content-left tmb-content-mobile-center tmb-image-anim  grid-cat-98 tmb-id-2175 tmb-content-lateral tmb-media-first\" ><div class=\"t-inside style-color-xsdn-bg animate_when_almost_visible bottom-t-top\" data-delay=\"200\"><div class=\"t-entry-visual\"><div class=\"t-entry-visual-tc\"><div class=\"t-entry-visual-cont\"><a role=\"button\" tabindex=\"-1\" href=\"https:\/\/flow-zeichenwettbewerb.de\/en\/portfolio\/mihaela-nacheva\/\" target=\"_self\" data-lb-index=\"9\"><div class=\"t-entry-visual-overlay\"><div class=\"t-entry-visual-overlay-in style-dark-bg\" style=\"opacity: 0.5;\"><\/div><\/div><div class=\"t-background-cover\" style=\"background-image:url('https:\/\/flow-zeichenwettbewerb.de\/wp-content\/uploads\/2025\/09\/Mihaela-Nacheva-6-Jahre-Bulgarien.png')\"><\/div><\/a><\/div>\n\t\t\t\t\t<\/div>\n\t\t\t\t<\/div><div class=\"t-entry-text\">\n\t\t\t\t\t\t\t\t\t<div class=\"t-entry-text-tc quad-block-padding\"><div class=\"t-entry\"><h3 class=\"t-entry-title h2 title-scale\"><a href=\"https:\/\/flow-zeichenwettbewerb.de\/en\/portfolio\/mihaela-nacheva\/\" target=\"_self\">Mihaela Nacheva<\/a><\/h3><div class=\"t-entry-excerpt text-lead\"><p>Age group I (4-6 years)<br \/>\n6 Jahre Bulgarien<\/p>\n<\/div><\/div><\/div>\n\t\t\t\t\t\t\t<\/div><\/div><\/div>\t\t<\/div>\t\n\t\n\n\t<\/div>\t\t\t\t<\/div>\n<\/div><\/div><\/div><\/div><\/div><script id=\"script-row-unique-0\" data-row=\"script-row-unique-0\" type=\"text\/javascript\" class=\"vc_controls\">UNCODE.initRow(document.getElementById(\"row-unique-0\"));<\/script><\/div><\/div><\/div>\n<\/div>","protected":false},"excerpt":{"rendered":"Mihaela Nacheva Altersgruppe I (4-6 Jahre) 6 Jahre Bulgarien","protected":false},"author":1,"featured_media":0,"parent":30,"menu_order":0,"comment_status":"closed","ping_status":"closed","template":"","meta":{"footnotes":""},"class_list":["post-801","page","type-page","status-publish","hentry"],"_links":{"self":[{"href":"https:\/\/flow-zeichenwettbewerb.de\/en\/wp-json\/wp\/v2\/pages\/801","targetHints":{"allow":["GET"]}}],"collection":[{"href":"https:\/\/flow-zeichenwettbewerb.de\/en\/wp-json\/wp\/v2\/pages"}],"about":[{"href":"https:\/\/flow-zeichenwettbewerb.de\/en\/wp-json\/wp\/v2\/types\/page"}],"author":[{"embeddable":true,"href":"https:\/\/flow-zeichenwettbewerb.de\/en\/wp-json\/wp\/v2\/users\/1"}],"replies":[{"embeddable":true,"href":"https:\/\/flow-zeichenwettbewerb.de\/en\/wp-json\/wp\/v2\/comments?post=801"}],"version-history":[{"count":13,"href":"https:\/\/flow-zeichenwettbewerb.de\/en\/wp-json\/wp\/v2\/pages\/801\/revisions"}],"predecessor-version":[{"id":804,"href":"https:\/\/flow-zeichenwettbewerb.de\/en\/wp-json\/wp\/v2\/pages\/801\/revisions\/804"}],"up":[{"embeddable":true,"href":"https:\/\/flow-zeichenwettbewerb.de\/en\/wp-json\/wp\/v2\/pages\/30"}],"wp:attachment":[{"href":"https:\/\/flow-zeichenwettbewerb.de\/en\/wp-json\/wp\/v2\/media?parent=801"}],"curies":[{"name":"wp","href":"https:\/\/api.w.org\/{rel}","templated":true}]}}