{"id":813,"date":"2019-09-25T10:03:04","date_gmt":"2019-09-25T08:03:04","guid":{"rendered":"https:\/\/flow-zeichenwettbewerb.de\/?page_id=813"},"modified":"2025-12-19T17:54:18","modified_gmt":"2025-12-19T16:54:18","slug":"altersgruppe-ii-7-11-jahre","status":"publish","type":"page","link":"https:\/\/flow-zeichenwettbewerb.de\/en\/preistraeger\/altersgruppe-ii-7-11-jahre\/","title":{"rendered":"Age group II (7-11 years)"},"content":{"rendered":"<div class=\"wpb-content-wrapper\"><div data-parent=\"true\" class=\"vc_row has-bg need-focus style-color-lxmt-bg row-container boomapps_vcrow\" id=\"row-unique-0\"><div class=\"row col-double-gutter full-width row-parent\"><div class=\"wpb_row row-inner\"><div class=\"wpb_column pos-top pos-center align_left column_parent col-lg-12 boomapps_vccolumn single-internal-gutter\"><div class=\"uncol style-light\"  ><div class=\"uncoltable\"><div class=\"uncell  boomapps_vccolumn no-block-padding\" ><div class=\"uncont\" ><div id=\"index-111030\" class=\"isotope-system isotope-general-light grid-general-light\" >\n\t\t\t\n\t\t\t\t\t\t\t\t\t\t\t\t\t\t<div class=\"isotope-wrapper grid-wrapper single-gutter\" >\t\t\t\t\t\t\t\t\t\t\t\t<div class=\"isotope-container grid-container isotope-layout style-metro isotope-pagination grid-pagination\" data-type=\"metro\" data-layout=\"masonry\" data-lg=\"1000\" data-md=\"600\" data-sm=\"480\" data-vp-height=\"1\">\t\t\t<div class=\"tmb atc-typography-inherit tmb-iso-w12 tmb-iso-h50 tmb-light tmb-content-lateral-left tmb-content-vertical-middle tmb-content-size-6 tmb-content-lateral-responsive tmb-content-left tmb-content-mobile-center tmb-image-anim  grid-cat-100 tmb-id-2178 tmb-content-lateral tmb-media-first\" ><div class=\"t-inside style-color-xsdn-bg animate_when_almost_visible bottom-t-top\" data-delay=\"200\"><div class=\"t-entry-visual\"><div class=\"t-entry-visual-tc\"><div class=\"t-entry-visual-cont\"><a role=\"button\" tabindex=\"-1\" href=\"https:\/\/flow-zeichenwettbewerb.de\/en\/portfolio\/alexa-rosol\/\" target=\"_self\" data-lb-index=\"0\"><div class=\"t-entry-visual-overlay\"><div class=\"t-entry-visual-overlay-in style-dark-bg\" style=\"opacity: 0.5;\"><\/div><\/div><div class=\"t-background-cover\" style=\"background-image:url('https:\/\/flow-zeichenwettbewerb.de\/wp-content\/uploads\/2025\/09\/336-Alexa-Rosol-10-Jahre-Deutschland-min.png')\"><\/div><\/a><\/div>\n\t\t\t\t\t<\/div>\n\t\t\t\t<\/div><div class=\"t-entry-text\">\n\t\t\t\t\t\t\t\t\t<div class=\"t-entry-text-tc quad-block-padding\"><div class=\"t-entry\"><h3 class=\"t-entry-title h2 title-scale\"><a href=\"https:\/\/flow-zeichenwettbewerb.de\/en\/portfolio\/alexa-rosol\/\" target=\"_self\">Alexa Rosol<\/a><\/h3><div class=\"t-entry-excerpt text-lead\"><p>Age group II (7-11 years)<br \/>\n10 years Germany<\/p>\n<\/div><\/div><\/div>\n\t\t\t\t\t\t\t<\/div><\/div><\/div><div class=\"tmb atc-typography-inherit tmb-iso-w12 tmb-iso-h50 tmb-light tmb-content-lateral-right tmb-content-vertical-middle tmb-content-size-6 tmb-content-lateral-responsive tmb-content-left tmb-content-mobile-center tmb-image-anim  grid-cat-100 tmb-id-2183 tmb-content-lateral tmb-media-first\" ><div class=\"t-inside style-color-xsdn-bg animate_when_almost_visible bottom-t-top\" data-delay=\"200\"><div class=\"t-entry-visual\"><div class=\"t-entry-visual-tc\"><div class=\"t-entry-visual-cont\"><a role=\"button\" tabindex=\"-1\" href=\"https:\/\/flow-zeichenwettbewerb.de\/en\/portfolio\/enikoe-csuka\/\" target=\"_self\" data-lb-index=\"1\"><div class=\"t-entry-visual-overlay\"><div class=\"t-entry-visual-overlay-in style-dark-bg\" style=\"opacity: 0.5;\"><\/div><\/div><div class=\"t-background-cover\" style=\"background-image:url('https:\/\/flow-zeichenwettbewerb.de\/wp-content\/uploads\/2025\/09\/54-Csuka-Enikoe-10-Jahre-Ungarn-min-scaled.jpg')\"><\/div><\/a><\/div>\n\t\t\t\t\t<\/div>\n\t\t\t\t<\/div><div class=\"t-entry-text\">\n\t\t\t\t\t\t\t\t\t<div class=\"t-entry-text-tc quad-block-padding\"><div class=\"t-entry\"><h3 class=\"t-entry-title h2 title-scale\"><a href=\"https:\/\/flow-zeichenwettbewerb.de\/en\/portfolio\/enikoe-csuka\/\" target=\"_self\">Enik\u00f6 Csuka<\/a><\/h3><div class=\"t-entry-excerpt text-lead\"><p>Age group II (7-11 years)<br \/>\n10 Jahre Ungarn<\/p>\n<\/div><\/div><\/div>\n\t\t\t\t\t\t\t<\/div><\/div><\/div><div class=\"tmb atc-typography-inherit tmb-iso-w12 tmb-iso-h50 tmb-light tmb-content-lateral-left tmb-content-vertical-middle tmb-content-size-6 tmb-content-lateral-responsive tmb-content-left tmb-content-mobile-center tmb-image-anim  grid-cat-100 tmb-id-2186 tmb-content-lateral tmb-media-first\" ><div class=\"t-inside style-color-xsdn-bg animate_when_almost_visible bottom-t-top\" data-delay=\"200\"><div class=\"t-entry-visual\"><div class=\"t-entry-visual-tc\"><div class=\"t-entry-visual-cont\"><a role=\"button\" tabindex=\"-1\" href=\"https:\/\/flow-zeichenwettbewerb.de\/en\/portfolio\/kristina-kissova\/\" target=\"_self\" data-lb-index=\"2\"><div class=\"t-entry-visual-overlay\"><div class=\"t-entry-visual-overlay-in style-dark-bg\" style=\"opacity: 0.5;\"><\/div><\/div><div class=\"t-background-cover\" style=\"background-image:url('https:\/\/flow-zeichenwettbewerb.de\/wp-content\/uploads\/2025\/09\/Kristina-Kissova-8-Jahre-Slowakei-min.png')\"><\/div><\/a><\/div>\n\t\t\t\t\t<\/div>\n\t\t\t\t<\/div><div class=\"t-entry-text\">\n\t\t\t\t\t\t\t\t\t<div class=\"t-entry-text-tc quad-block-padding\"><div class=\"t-entry\"><h3 class=\"t-entry-title h2 title-scale\"><a href=\"https:\/\/flow-zeichenwettbewerb.de\/en\/portfolio\/kristina-kissova\/\" target=\"_self\">Krist\u00edna K\u00edssov\u00e1<\/a><\/h3><div class=\"t-entry-excerpt text-lead\"><p>Age group II (7-11 years)<br \/>\n8 years Slovakia<\/p>\n<\/div><\/div><\/div>\n\t\t\t\t\t\t\t<\/div><\/div><\/div><div class=\"tmb atc-typography-inherit tmb-iso-w12 tmb-iso-h50 tmb-light tmb-content-lateral-right tmb-content-vertical-middle tmb-content-size-6 tmb-content-lateral-responsive tmb-content-left tmb-content-mobile-center tmb-image-anim  grid-cat-100 tmb-id-2189 tmb-content-lateral tmb-media-first\" ><div class=\"t-inside style-color-xsdn-bg animate_when_almost_visible bottom-t-top\" data-delay=\"200\"><div class=\"t-entry-visual\"><div class=\"t-entry-visual-tc\"><div class=\"t-entry-visual-cont\"><a role=\"button\" tabindex=\"-1\" href=\"https:\/\/flow-zeichenwettbewerb.de\/en\/portfolio\/joan-prehn\/\" target=\"_self\" data-lb-index=\"3\"><div class=\"t-entry-visual-overlay\"><div class=\"t-entry-visual-overlay-in style-dark-bg\" style=\"opacity: 0.5;\"><\/div><\/div><div class=\"t-background-cover\" style=\"background-image:url('https:\/\/flow-zeichenwettbewerb.de\/wp-content\/uploads\/2025\/09\/338-Joan-Prehn-10-Jahre-Deutschland-min.png')\"><\/div><\/a><\/div>\n\t\t\t\t\t<\/div>\n\t\t\t\t<\/div><div class=\"t-entry-text\">\n\t\t\t\t\t\t\t\t\t<div class=\"t-entry-text-tc quad-block-padding\"><div class=\"t-entry\"><h3 class=\"t-entry-title h2 title-scale\"><a href=\"https:\/\/flow-zeichenwettbewerb.de\/en\/portfolio\/joan-prehn\/\" target=\"_self\">Joan Prehn<\/a><\/h3><div class=\"t-entry-excerpt text-lead\"><p>Age group II (7-11 years)<br \/>\n10 years Germany<\/p>\n<\/div><\/div><\/div>\n\t\t\t\t\t\t\t<\/div><\/div><\/div><div class=\"tmb atc-typography-inherit tmb-iso-w12 tmb-iso-h50 tmb-light tmb-content-lateral-left tmb-content-vertical-middle tmb-content-size-6 tmb-content-lateral-responsive tmb-content-left tmb-content-mobile-center tmb-image-anim  grid-cat-100 tmb-id-2192 tmb-content-lateral tmb-media-first\" ><div class=\"t-inside style-color-xsdn-bg animate_when_almost_visible bottom-t-top\" data-delay=\"200\"><div class=\"t-entry-visual\"><div class=\"t-entry-visual-tc\"><div class=\"t-entry-visual-cont\"><a role=\"button\" tabindex=\"-1\" href=\"https:\/\/flow-zeichenwettbewerb.de\/en\/portfolio\/vladislav-ponomarev\/\" target=\"_self\" data-lb-index=\"4\"><div class=\"t-entry-visual-overlay\"><div class=\"t-entry-visual-overlay-in style-dark-bg\" style=\"opacity: 0.5;\"><\/div><\/div><div class=\"t-background-cover\" style=\"background-image:url('https:\/\/flow-zeichenwettbewerb.de\/wp-content\/uploads\/2025\/09\/Vladislav-Ponomarev-7-Jahre-Russland-min.png')\"><\/div><\/a><\/div>\n\t\t\t\t\t<\/div>\n\t\t\t\t<\/div><div class=\"t-entry-text\">\n\t\t\t\t\t\t\t\t\t<div class=\"t-entry-text-tc quad-block-padding\"><div class=\"t-entry\"><h3 class=\"t-entry-title h2 title-scale\"><a href=\"https:\/\/flow-zeichenwettbewerb.de\/en\/portfolio\/vladislav-ponomarev\/\" target=\"_self\">Vladislav Ponomarev<\/a><\/h3><div class=\"t-entry-excerpt text-lead\"><p>Age group II (7-11 years)<br \/>\n7 Jahre Russland<\/p>\n<\/div><\/div><\/div>\n\t\t\t\t\t\t\t<\/div><\/div><\/div><div class=\"tmb atc-typography-inherit tmb-iso-w12 tmb-iso-h50 tmb-light tmb-content-lateral-right tmb-content-vertical-middle tmb-content-size-6 tmb-content-lateral-responsive tmb-content-left tmb-content-mobile-center tmb-image-anim  grid-cat-100 tmb-id-2195 tmb-content-lateral tmb-media-first\" ><div class=\"t-inside style-color-xsdn-bg animate_when_almost_visible bottom-t-top\" data-delay=\"200\"><div class=\"t-entry-visual\"><div class=\"t-entry-visual-tc\"><div class=\"t-entry-visual-cont\"><a role=\"button\" tabindex=\"-1\" href=\"https:\/\/flow-zeichenwettbewerb.de\/en\/portfolio\/emma-kovalova\/\" target=\"_self\" data-lb-index=\"5\"><div class=\"t-entry-visual-overlay\"><div class=\"t-entry-visual-overlay-in style-dark-bg\" style=\"opacity: 0.5;\"><\/div><\/div><div class=\"t-background-cover\" style=\"background-image:url('https:\/\/flow-zeichenwettbewerb.de\/wp-content\/uploads\/2025\/09\/Eamma-Kovalova-8-Jahre-Slowakei-min.png')\"><\/div><\/a><\/div>\n\t\t\t\t\t<\/div>\n\t\t\t\t<\/div><div class=\"t-entry-text\">\n\t\t\t\t\t\t\t\t\t<div class=\"t-entry-text-tc quad-block-padding\"><div class=\"t-entry\"><h3 class=\"t-entry-title h2 title-scale\"><a href=\"https:\/\/flow-zeichenwettbewerb.de\/en\/portfolio\/emma-kovalova\/\" target=\"_self\">Emma Kova\u013eov\u00e1<\/a><\/h3><div class=\"t-entry-excerpt text-lead\"><p>Age group II (7-11 years)<br \/>\n8 years Slovakia<\/p>\n<\/div><\/div><\/div>\n\t\t\t\t\t\t\t<\/div><\/div><\/div><div class=\"tmb atc-typography-inherit tmb-iso-w12 tmb-iso-h50 tmb-light tmb-content-lateral-left tmb-content-vertical-middle tmb-content-size-6 tmb-content-lateral-responsive tmb-content-left tmb-content-mobile-center tmb-image-anim  grid-cat-100 tmb-id-2198 tmb-content-lateral tmb-media-first\" ><div class=\"t-inside style-color-xsdn-bg animate_when_almost_visible bottom-t-top\" data-delay=\"200\"><div class=\"t-entry-visual\"><div class=\"t-entry-visual-tc\"><div class=\"t-entry-visual-cont\"><a role=\"button\" tabindex=\"-1\" href=\"https:\/\/flow-zeichenwettbewerb.de\/en\/portfolio\/julia-wichary\/\" target=\"_self\" data-lb-index=\"6\"><div class=\"t-entry-visual-overlay\"><div class=\"t-entry-visual-overlay-in style-dark-bg\" style=\"opacity: 0.5;\"><\/div><\/div><div class=\"t-background-cover\" style=\"background-image:url('https:\/\/flow-zeichenwettbewerb.de\/wp-content\/uploads\/2025\/09\/341-Julia-Wichary-10-Jahre-Deutschland-min.png')\"><\/div><\/a><\/div>\n\t\t\t\t\t<\/div>\n\t\t\t\t<\/div><div class=\"t-entry-text\">\n\t\t\t\t\t\t\t\t\t<div class=\"t-entry-text-tc quad-block-padding\"><div class=\"t-entry\"><h3 class=\"t-entry-title h2 title-scale\"><a href=\"https:\/\/flow-zeichenwettbewerb.de\/en\/portfolio\/julia-wichary\/\" target=\"_self\">Julia Wichary<\/a><\/h3><div class=\"t-entry-excerpt text-lead\"><p>Age group II (7-11 years)<br \/>\n10 years Germany<\/p>\n<\/div><\/div><\/div>\n\t\t\t\t\t\t\t<\/div><\/div><\/div><div class=\"tmb atc-typography-inherit tmb-iso-w12 tmb-iso-h50 tmb-light tmb-content-lateral-right tmb-content-vertical-middle tmb-content-size-6 tmb-content-lateral-responsive tmb-content-left tmb-content-mobile-center tmb-image-anim  grid-cat-100 grid-cat-158 tmb-id-2201 tmb-content-lateral tmb-media-first\" ><div class=\"t-inside style-color-xsdn-bg animate_when_almost_visible bottom-t-top\" data-delay=\"200\"><div class=\"t-entry-visual\"><div class=\"t-entry-visual-tc\"><div class=\"t-entry-visual-cont\"><a role=\"button\" tabindex=\"-1\" href=\"https:\/\/flow-zeichenwettbewerb.de\/en\/portfolio\/pin-yu-yeh\/\" target=\"_self\" data-lb-index=\"7\"><div class=\"t-entry-visual-overlay\"><div class=\"t-entry-visual-overlay-in style-dark-bg\" style=\"opacity: 0.5;\"><\/div><\/div><div class=\"t-background-cover\" style=\"background-image:url('https:\/\/flow-zeichenwettbewerb.de\/wp-content\/uploads\/2025\/09\/1855-Pin-Yu-Yeh-9-Jahre-Taiwan-min-scaled.jpg')\"><\/div><\/a><\/div>\n\t\t\t\t\t<\/div>\n\t\t\t\t<\/div><div class=\"t-entry-text\">\n\t\t\t\t\t\t\t\t\t<div class=\"t-entry-text-tc quad-block-padding\"><div class=\"t-entry\"><h3 class=\"t-entry-title h2 title-scale\"><a href=\"https:\/\/flow-zeichenwettbewerb.de\/en\/portfolio\/pin-yu-yeh\/\" target=\"_self\">Pin-Yu Yeh<\/a><\/h3><div class=\"t-entry-excerpt text-lead\"><p>Age group II (7-11 years)<br \/>\n9 Jahre Taiwan<\/p>\n<\/div><\/div><\/div>\n\t\t\t\t\t\t\t<\/div><\/div><\/div><div class=\"tmb atc-typography-inherit tmb-iso-w12 tmb-iso-h50 tmb-light tmb-content-lateral-left tmb-content-vertical-middle tmb-content-size-6 tmb-content-lateral-responsive tmb-content-left tmb-content-mobile-center tmb-image-anim  grid-cat-100 tmb-id-2204 tmb-content-lateral tmb-media-first\" ><div class=\"t-inside style-color-xsdn-bg animate_when_almost_visible bottom-t-top\" data-delay=\"200\"><div class=\"t-entry-visual\"><div class=\"t-entry-visual-tc\"><div class=\"t-entry-visual-cont\"><a role=\"button\" tabindex=\"-1\" href=\"https:\/\/flow-zeichenwettbewerb.de\/en\/portfolio\/frania-bartosiewicz\/\" target=\"_self\" data-lb-index=\"8\"><div class=\"t-entry-visual-overlay\"><div class=\"t-entry-visual-overlay-in style-dark-bg\" style=\"opacity: 0.5;\"><\/div><\/div><div class=\"t-background-cover\" style=\"background-image:url('https:\/\/flow-zeichenwettbewerb.de\/wp-content\/uploads\/2025\/09\/Frania-Bartosiewicz-10-Jahre-Polen-min.png')\"><\/div><\/a><\/div>\n\t\t\t\t\t<\/div>\n\t\t\t\t<\/div><div class=\"t-entry-text\">\n\t\t\t\t\t\t\t\t\t<div class=\"t-entry-text-tc quad-block-padding\"><div class=\"t-entry\"><h3 class=\"t-entry-title h2 title-scale\"><a href=\"https:\/\/flow-zeichenwettbewerb.de\/en\/portfolio\/frania-bartosiewicz\/\" target=\"_self\">Frania Bartosiewicz<\/a><\/h3><div class=\"t-entry-excerpt text-lead\"><p>Age group II (7-11 years)<br \/>\n10 Jahre Polen<\/p>\n<\/div><\/div><\/div>\n\t\t\t\t\t\t\t<\/div><\/div><\/div><div class=\"tmb atc-typography-inherit tmb-iso-w12 tmb-iso-h50 tmb-light tmb-content-lateral-right tmb-content-vertical-middle tmb-content-size-6 tmb-content-lateral-responsive tmb-content-left tmb-content-mobile-center tmb-image-anim  grid-cat-100 tmb-id-2207 tmb-content-lateral tmb-media-first\" ><div class=\"t-inside style-color-xsdn-bg animate_when_almost_visible bottom-t-top\" data-delay=\"200\"><div class=\"t-entry-visual\"><div class=\"t-entry-visual-tc\"><div class=\"t-entry-visual-cont\"><a role=\"button\" tabindex=\"-1\" href=\"https:\/\/flow-zeichenwettbewerb.de\/en\/portfolio\/hong-rui-yu\/\" target=\"_self\" data-lb-index=\"9\"><div class=\"t-entry-visual-overlay\"><div class=\"t-entry-visual-overlay-in style-dark-bg\" style=\"opacity: 0.5;\"><\/div><\/div><div class=\"t-background-cover\" style=\"background-image:url('https:\/\/flow-zeichenwettbewerb.de\/wp-content\/uploads\/2025\/09\/Hong-Rui-Yu-8-Jahre-Taiwan-min.png')\"><\/div><\/a><\/div>\n\t\t\t\t\t<\/div>\n\t\t\t\t<\/div><div class=\"t-entry-text\">\n\t\t\t\t\t\t\t\t\t<div class=\"t-entry-text-tc quad-block-padding\"><div class=\"t-entry\"><h3 class=\"t-entry-title h2 title-scale\"><a href=\"https:\/\/flow-zeichenwettbewerb.de\/en\/portfolio\/hong-rui-yu\/\" target=\"_self\">Hong Rui Yu<\/a><\/h3><div class=\"t-entry-excerpt text-lead\"><p>Age group II (7-11 years)<br \/>\n8 Jahre Taiwan<\/p>\n<\/div><\/div><\/div>\n\t\t\t\t\t\t\t<\/div><\/div><\/div>\t\t<\/div>\t\n\t\n\n\t<\/div>\t\t\t\t<\/div>\n<\/div><\/div><\/div><\/div><\/div><script id=\"script-row-unique-0\" data-row=\"script-row-unique-0\" type=\"text\/javascript\" class=\"vc_controls\">UNCODE.initRow(document.getElementById(\"row-unique-0\"));<\/script><\/div><\/div><\/div>\n<\/div>","protected":false},"excerpt":{"rendered":"Hong Rui Yu Altersgruppe II (7-11 Jahre) 8 Jahre Taiwan","protected":false},"author":1,"featured_media":0,"parent":30,"menu_order":0,"comment_status":"closed","ping_status":"closed","template":"","meta":{"footnotes":""},"class_list":["post-813","page","type-page","status-publish","hentry"],"_links":{"self":[{"href":"https:\/\/flow-zeichenwettbewerb.de\/en\/wp-json\/wp\/v2\/pages\/813","targetHints":{"allow":["GET"]}}],"collection":[{"href":"https:\/\/flow-zeichenwettbewerb.de\/en\/wp-json\/wp\/v2\/pages"}],"about":[{"href":"https:\/\/flow-zeichenwettbewerb.de\/en\/wp-json\/wp\/v2\/types\/page"}],"author":[{"embeddable":true,"href":"https:\/\/flow-zeichenwettbewerb.de\/en\/wp-json\/wp\/v2\/users\/1"}],"replies":[{"embeddable":true,"href":"https:\/\/flow-zeichenwettbewerb.de\/en\/wp-json\/wp\/v2\/comments?post=813"}],"version-history":[{"count":4,"href":"https:\/\/flow-zeichenwettbewerb.de\/en\/wp-json\/wp\/v2\/pages\/813\/revisions"}],"predecessor-version":[{"id":2313,"href":"https:\/\/flow-zeichenwettbewerb.de\/en\/wp-json\/wp\/v2\/pages\/813\/revisions\/2313"}],"up":[{"embeddable":true,"href":"https:\/\/flow-zeichenwettbewerb.de\/en\/wp-json\/wp\/v2\/pages\/30"}],"wp:attachment":[{"href":"https:\/\/flow-zeichenwettbewerb.de\/en\/wp-json\/wp\/v2\/media?parent=813"}],"curies":[{"name":"wp","href":"https:\/\/api.w.org\/{rel}","templated":true}]}}