{"id":93,"date":"2019-09-12T16:01:35","date_gmt":"2019-09-12T14:01:35","guid":{"rendered":"https:\/\/flow-zeichenwettbewerb.de\/?page_id=93"},"modified":"2026-01-07T20:40:41","modified_gmt":"2026-01-07T19:40:41","slug":"der-wettbewerb","status":"publish","type":"page","link":"https:\/\/flow-zeichenwettbewerb.de\/en\/der-wettbewerb\/","title":{"rendered":"THE COMPETITION"},"content":{"rendered":"<div class=\"wpb-content-wrapper\"><div data-parent=\"true\" class=\"vc_row row-container boomapps_vcrow\" id=\"row-unique-0\"><div class=\"row unequal col-no-gutter no-top-padding no-bottom-padding no-h-padding full-width row-parent\" data-height-ratio=\"50\"><div class=\"wpb_row row-inner\"><div class=\"wpb_column pos-top pos-center align_left column_parent col-lg-6 boomapps_vccolumn single-internal-gutter\"><div class=\"uncol style-light\"  ><div class=\"uncoltable\"><div class=\"uncell  boomapps_vccolumn no-block-padding\" ><div class=\"uncont\" ><div class=\"vc_row style-color-lxmt-bg vc_custom_1569488852133 row-internal row-container boomapps_vcrow\" style=\"padding-top: 40px ;padding-right: 40px ;padding-bottom: 40px ;padding-left: 40px ;\"><div class=\"row row-child\" data-height=\"50\"><div class=\"wpb_row row-inner\"><div class=\"wpb_column pos-top pos-center align_left column_child col-lg-12 boomapps_vccolumn single-internal-gutter\"><div class=\"uncol style-light\" ><div class=\"uncoltable\"><div class=\"uncell  boomapps_vccolumn no-block-padding\" ><div class=\"uncont\" ><div class=\"uncode_text_column text-lead\" ><\/p>\n<h2>THE COMPETITION<\/h2>\n<p>\n<\/div><div class=\"uncode_text_column\" ><p>Der Internationale Zeichenwettbewerb FLOW mit seinem Sitz in der Oderstadt Schwedt z\u00e4hlt zu den bedeutendsten Zeichenwettbewerben in Deutschland. Der Wettbewerb hat eine lange Tradition. Der erste Ausscheid fand bereits 1968 statt. Der damalige Arbeitstitel <strong>\u201eEntlang der Erd\u00f6lleitung Freundschaft\u201c<\/strong> wurde Programm. L\u00e4nder, die an der Pipeline lagen, beteiligten sich an diesem Wettbewerb. Dieses Prinzip wurde im Laufe der Jahre durch gesellschaftliche Umbr\u00fcche und Tr\u00e4gerwechsel aufgehoben.<br \/>\nEvery year, around 2000 children and young people from all over the world send their work to Schwedt in a wide variety of techniques and on a wide variety of themes.<\/p>\n<p>The closing date for registration is 30 May each year.<\/p>\n<p>Nach Auswahl durch <strong>eine internationale Jury<\/strong> werden j\u00e4hrlich rund 600 Arbeiten in der Er\u00f6ffnungsausstellung an den Uckerm\u00e4rkischen B\u00fchnen Schwedt sowie anderen \u00f6ffentlichen Einrichtungen der Stadt gezeigt. Anschlie\u00dfend folgen Wanderausstellungen der preisgekr\u00f6nten k\u00fcnstlerischen Arbeiten im Landkreis Uckermark und im Land Brandenburg. Ebenso entstehen jedes Jahr Ausstellungen zu verschieden Themen, die auch im Ausland pr\u00e4sentiert werden.<\/p>\n<p>Mitmachen lohnt sich! Neben attraktiven Geld- und Sachpreisen werden jedes Jahr die Preistr\u00e4ger der Altersgruppe III und IV zu einem <strong>Kunstcamp nach Schwedt<\/strong> eingeladen.<\/p>\n<p>The patron of the international drawing competition is Steffen Freiberg, Minister of Education, Youth and Sport of the State of Brandenburg. It has been organised by the city of Schwedt\/Oder since 2025. This unique competition is sponsored by the Brandenburg Ministry of Education, Youth and Sport, the city of Schwedt\/Oder and the district of Uckermark.<\/p>\n<\/div><div class=\"empty-space empty-single\" ><span class=\"empty-space-inner\"><\/span><\/div>\n<span class=\"btn-container\" ><a role=\"button\"  href=\"https:\/\/flow-zeichenwettbewerb.de\/en\/ausschreibung\/\" class=\"custom-link btn btn-lg border-width-0 btn-color-120807 btn-flat btn-icon-left\" title=\"Participation\"><i class=\"fa fa-sign-out\"><\/i>Participate now<\/a><\/span><div class=\"empty-space empty-single\" ><span class=\"empty-space-inner\"><\/span><\/div>\n<\/div><\/div><\/div><\/div><\/div><\/div><\/div><\/div><\/div><\/div><\/div><\/div><\/div><div class=\"wpb_column pos-top pos-center align_left column_parent col-lg-6 boomapps_vccolumn single-internal-gutter\"><div class=\"uncol style-light\"  ><div class=\"uncoltable\" style=\"min-height: 400px;\"><div class=\"uncell  boomapps_vccolumn single-block-padding   with-parallax\" ><div class=\"column-background background-element\">\n\t\t\t\t\t\t\t\t\t\t\t<div class=\"background-wrapper\">\n\t\t\t\t\t\t\t\t\t\t\t\t<div class=\"background-inner\" style=\"background-image: url(https:\/\/flow-zeichenwettbewerb.de\/wp-content\/uploads\/2024\/11\/IZW-Eroeffnung-75.jpg);background-repeat: no-repeat;background-position: left center;background-size: cover;\" data-o_src=\"https:\/\/flow-zeichenwettbewerb.de\/wp-content\/uploads\/2024\/11\/IZW-Eroeffnung-75.jpg\"><\/div>\n\t\t\t\t\t\t\t\t\t\t\t\t\n\t\t\t\t\t\t\t\t\t\t\t<\/div>\n\t\t\t\t\t\t\t\t\t\t<\/div><div class=\"uncont\" ><\/div><\/div><\/div><\/div><\/div><script id=\"script-row-unique-0\" data-row=\"script-row-unique-0\" type=\"text\/javascript\" class=\"vc_controls\">UNCODE.initRow(document.getElementById(\"row-unique-0\"));<\/script><\/div><\/div><\/div>\n<\/div>","protected":false},"excerpt":{"rendered":"Der Wettbewerb Der Internationale Zeichenwettbewerb FLOW mit seinem Sitz in der Oderstadt Schwedt z\u00e4hlt zu den bedeutendsten Zeichenwettbewerben in Deutschland. [...]","protected":false},"author":1,"featured_media":0,"parent":0,"menu_order":0,"comment_status":"closed","ping_status":"closed","template":"","meta":{"footnotes":""},"class_list":["post-93","page","type-page","status-publish","hentry"],"_links":{"self":[{"href":"https:\/\/flow-zeichenwettbewerb.de\/en\/wp-json\/wp\/v2\/pages\/93","targetHints":{"allow":["GET"]}}],"collection":[{"href":"https:\/\/flow-zeichenwettbewerb.de\/en\/wp-json\/wp\/v2\/pages"}],"about":[{"href":"https:\/\/flow-zeichenwettbewerb.de\/en\/wp-json\/wp\/v2\/types\/page"}],"author":[{"embeddable":true,"href":"https:\/\/flow-zeichenwettbewerb.de\/en\/wp-json\/wp\/v2\/users\/1"}],"replies":[{"embeddable":true,"href":"https:\/\/flow-zeichenwettbewerb.de\/en\/wp-json\/wp\/v2\/comments?post=93"}],"version-history":[{"count":41,"href":"https:\/\/flow-zeichenwettbewerb.de\/en\/wp-json\/wp\/v2\/pages\/93\/revisions"}],"predecessor-version":[{"id":4235,"href":"https:\/\/flow-zeichenwettbewerb.de\/en\/wp-json\/wp\/v2\/pages\/93\/revisions\/4235"}],"wp:attachment":[{"href":"https:\/\/flow-zeichenwettbewerb.de\/en\/wp-json\/wp\/v2\/media?parent=93"}],"curies":[{"name":"wp","href":"https:\/\/api.w.org\/{rel}","templated":true}]}}